{"id":91,"date":"2023-12-14T22:41:10","date_gmt":"2023-12-14T21:41:10","guid":{"rendered":"https:\/\/xn--caroline-perret-ditticienne-socb.fr\/?page_id=91"},"modified":"2026-02-07T18:35:36","modified_gmt":"2026-02-07T17:35:36","slug":"interventions-et-formations","status":"publish","type":"page","link":"https:\/\/xn--caroline-perret-ditticienne-socb.fr\/?page_id=91","title":{"rendered":"INTERVENTIONS"},"content":{"rendered":"\t\t<div data-elementor-type=\"wp-page\" data-elementor-id=\"91\" class=\"elementor elementor-91\">\n\t\t\t\t<div class=\"elementor-element elementor-element-11af4e8 e-flex e-con-boxed e-con e-parent\" data-id=\"11af4e8\" data-element_type=\"container\" data-e-type=\"container\">\n\t\t\t\t\t<div class=\"e-con-inner\">\n\t\t\t\t<div class=\"elementor-element elementor-element-ce6e271 elementor-widget elementor-widget-image\" data-id=\"ce6e271\" data-element_type=\"widget\" data-e-type=\"widget\" data-widget_type=\"image.default\">\n\t\t\t\t<div class=\"elementor-widget-container\">\n\t\t\t\t\t\t\t\t\t\t\t\t\t\t\t<img fetchpriority=\"high\" decoding=\"async\" width=\"851\" height=\"315\" src=\"https:\/\/xn--caroline-perret-ditticienne-socb.fr\/wp-content\/uploads\/2025\/10\/7.png\" class=\"attachment-large size-large wp-image-485\" alt=\"\" srcset=\"https:\/\/xn--caroline-perret-ditticienne-socb.fr\/wp-content\/uploads\/2025\/10\/7.png 851w, https:\/\/xn--caroline-perret-ditticienne-socb.fr\/wp-content\/uploads\/2025\/10\/7-300x111.png 300w, https:\/\/xn--caroline-perret-ditticienne-socb.fr\/wp-content\/uploads\/2025\/10\/7-768x284.png 768w\" sizes=\"(max-width: 851px) 100vw, 851px\" \/>\t\t\t\t\t\t\t\t\t\t\t\t\t\t\t<\/div>\n\t\t\t\t<\/div>\n\t\t\t\t\t<\/div>\n\t\t\t\t<\/div>\n\t\t<div class=\"elementor-element elementor-element-cac7fdc e-flex e-con-boxed e-con e-parent\" data-id=\"cac7fdc\" data-element_type=\"container\" data-e-type=\"container\">\n\t\t\t\t\t<div class=\"e-con-inner\">\n\t\t\t\t<div class=\"elementor-element elementor-element-732572a elementor-widget elementor-widget-text-editor\" data-id=\"732572a\" data-element_type=\"widget\" data-e-type=\"widget\" data-widget_type=\"text-editor.default\">\n\t\t\t\t<div class=\"elementor-widget-container\">\n\t\t\t\t\t\t\t\t\t<h3>Catalogue d&#8217;interventions de pr\u00e9vention, sensibilisation et promotion de la nutrition et de la sant\u00e9 appuy\u00e9es sur la Charte d&#8217;Ottawa.<\/h3>\t\t\t\t\t\t\t\t<\/div>\n\t\t\t\t<\/div>\n\t\t\t\t\t<\/div>\n\t\t\t\t<\/div>\n\t\t<div class=\"elementor-element elementor-element-6320883 e-flex e-con-boxed e-con e-parent\" data-id=\"6320883\" data-element_type=\"container\" data-e-type=\"container\">\n\t\t\t\t\t<div class=\"e-con-inner\">\n\t\t\t\t<div class=\"elementor-element elementor-element-dcca774 elementor-widget elementor-widget-image\" data-id=\"dcca774\" data-element_type=\"widget\" data-e-type=\"widget\" data-widget_type=\"image.default\">\n\t\t\t\t<div class=\"elementor-widget-container\">\n\t\t\t\t\t\t\t\t\t\t\t\t\t\t\t<img decoding=\"async\" width=\"1024\" height=\"634\" src=\"https:\/\/xn--caroline-perret-ditticienne-socb.fr\/wp-content\/uploads\/2026\/02\/5-1-1024x634.png\" class=\"attachment-large size-large wp-image-620\" alt=\"\" srcset=\"https:\/\/xn--caroline-perret-ditticienne-socb.fr\/wp-content\/uploads\/2026\/02\/5-1-1024x634.png 1024w, https:\/\/xn--caroline-perret-ditticienne-socb.fr\/wp-content\/uploads\/2026\/02\/5-1-300x186.png 300w, https:\/\/xn--caroline-perret-ditticienne-socb.fr\/wp-content\/uploads\/2026\/02\/5-1-768x475.png 768w, https:\/\/xn--caroline-perret-ditticienne-socb.fr\/wp-content\/uploads\/2026\/02\/5-1-1536x951.png 1536w, https:\/\/xn--caroline-perret-ditticienne-socb.fr\/wp-content\/uploads\/2026\/02\/5-1-1745x1080.png 1745w, https:\/\/xn--caroline-perret-ditticienne-socb.fr\/wp-content\/uploads\/2026\/02\/5-1.png 2000w\" sizes=\"(max-width: 1024px) 100vw, 1024px\" \/>\t\t\t\t\t\t\t\t\t\t\t\t\t\t\t<\/div>\n\t\t\t\t<\/div>\n\t\t\t\t\t<\/div>\n\t\t\t\t<\/div>\n\t\t<div class=\"elementor-element elementor-element-7dc1c82 e-flex e-con-boxed e-con e-parent\" data-id=\"7dc1c82\" data-element_type=\"container\" data-e-type=\"container\">\n\t\t\t\t\t<div class=\"e-con-inner\">\n\t\t\t\t<div class=\"elementor-element elementor-element-294bf35 elementor-widget elementor-widget-heading\" data-id=\"294bf35\" data-element_type=\"widget\" data-e-type=\"widget\" data-widget_type=\"heading.default\">\n\t\t\t\t<div class=\"elementor-widget-container\">\n\t\t\t\t\t<h2 class=\"elementor-heading-title elementor-size-default\">INTERVENTIONS<\/h2>\t\t\t\t<\/div>\n\t\t\t\t<\/div>\n\t\t\t\t\t<\/div>\n\t\t\t\t<\/div>\n\t\t<div class=\"elementor-element elementor-element-00c839a e-flex e-con-boxed e-con e-parent\" data-id=\"00c839a\" data-element_type=\"container\" data-e-type=\"container\">\n\t\t\t\t\t<div class=\"e-con-inner\">\n\t\t\t\t<div class=\"elementor-element elementor-element-997b6c7 elementor-widget elementor-widget-heading\" data-id=\"997b6c7\" data-element_type=\"widget\" data-e-type=\"widget\" data-widget_type=\"heading.default\">\n\t\t\t\t<div class=\"elementor-widget-container\">\n\t\t\t\t\t<h3 class=\"elementor-heading-title elementor-size-default\">\u00c9TABLISSEMENTS SCOLAIRES<\/h3>\t\t\t\t<\/div>\n\t\t\t\t<\/div>\n\t\t\t\t\t<\/div>\n\t\t\t\t<\/div>\n\t\t<div class=\"elementor-element elementor-element-05cc3ff e-flex e-con-boxed e-con e-parent\" data-id=\"05cc3ff\" data-element_type=\"container\" data-e-type=\"container\">\n\t\t\t\t\t<div class=\"e-con-inner\">\n\t\t\t\t<div class=\"elementor-element elementor-element-a7e789c elementor-widget elementor-widget-text-editor\" data-id=\"a7e789c\" data-element_type=\"widget\" data-e-type=\"widget\" data-widget_type=\"text-editor.default\">\n\t\t\t\t<div class=\"elementor-widget-container\">\n\t\t\t\t\t\t\t\t\t<ul>\n<li><b><i>&#8220;Bien manger&#8221;, qu&#8217;est ce que \u00e7a veut dire ? :&nbsp;<\/i><\/b>Ateliers, jeux et informations ludiques sur notre corps et ses besoins, les nutriments, l&#8217;importance et l&#8217;impact d&#8217;une alimentation \u00e9quilibr\u00e9e. 2 \u00e0 3h &#8211; Niveaux primaire et secondaire<\/li>\n<\/ul>\n<ul>\n<li>&nbsp;<b><i>Aliments ou Nutriments<\/i><\/b>&nbsp;: Comprendre la diff\u00e9rence entre aliments et nutriments, connaitre les diff\u00e9rentes familles d&#8217;aliments et leurs apports nutritionnels. 2h &#8211; Niveaux primaire et secondaire<\/li>\n<\/ul>\n<ul>\n<li><b><i>&#8220;Un Esprit Sain dans un Corps Sain&#8221;<\/i><\/b>&nbsp;: Aborder les troubles du comportement alimentaire et comprendre la n\u00e9cessit\u00e9 d&#8217;une bonne hygi\u00e8ne de vie. 1h30 &#8211; Niveau secondaire<\/li>\n<\/ul>\n<ul>\n<li><b><i>Go\u00fbt et Surprises<\/i><\/b>&nbsp;: Exploration du go\u00fbt et d\u00e9gustation de produits crus et de g\u00e2teaux \u00e0 base de l\u00e9gumes. 2h &#8211; Niveaux Maternelle et Primaire<\/li>\n<\/ul>\t\t\t\t\t\t\t\t<\/div>\n\t\t\t\t<\/div>\n\t\t\t\t\t<\/div>\n\t\t\t\t<\/div>\n\t\t<div class=\"elementor-element elementor-element-ebb9deb e-flex e-con-boxed e-con e-parent\" data-id=\"ebb9deb\" data-element_type=\"container\" data-e-type=\"container\">\n\t\t\t\t\t<div class=\"e-con-inner\">\n\t\t\t\t<div class=\"elementor-element elementor-element-1d3101f elementor-widget elementor-widget-heading\" data-id=\"1d3101f\" data-element_type=\"widget\" data-e-type=\"widget\" data-widget_type=\"heading.default\">\n\t\t\t\t<div class=\"elementor-widget-container\">\n\t\t\t\t\t<h3 class=\"elementor-heading-title elementor-size-default\">L.A.E.P, CR\u00c8CHES, ACCUEIL FAMILLES<\/h3>\t\t\t\t<\/div>\n\t\t\t\t<\/div>\n\t\t\t\t\t<\/div>\n\t\t\t\t<\/div>\n\t\t<div class=\"elementor-element elementor-element-09de065 e-flex e-con-boxed e-con e-parent\" data-id=\"09de065\" data-element_type=\"container\" data-e-type=\"container\">\n\t\t\t\t\t<div class=\"e-con-inner\">\n\t\t\t\t<div class=\"elementor-element elementor-element-81a70ef elementor-widget elementor-widget-text-editor\" data-id=\"81a70ef\" data-element_type=\"widget\" data-e-type=\"widget\" data-widget_type=\"text-editor.default\">\n\t\t\t\t<div class=\"elementor-widget-container\">\n\t\t\t\t\t\t\t\t\t<ul><li><b><i>La Diversification Alimentaire :<\/i><\/b> Temps d&#8217;information sur la diversification alimentaire du jeune enfant &#8211; 1h &#8211;\u00a0 public: parents et assistant.e.s maternel.le.s<\/li><\/ul><ul><li><b><i>Alimentation et Apprentissages :<\/i><\/b> Comment l&#8217;alimentation influe sur les capacit\u00e9s cognitives, la concentration et les apprentissages chez l&#8217;enfant &#8211; 1h &#8211; public: parents<\/li><\/ul>\t\t\t\t\t\t\t\t<\/div>\n\t\t\t\t<\/div>\n\t\t\t\t\t<\/div>\n\t\t\t\t<\/div>\n\t\t<div class=\"elementor-element elementor-element-b3483a2 e-flex e-con-boxed e-con e-parent\" data-id=\"b3483a2\" data-element_type=\"container\" data-e-type=\"container\">\n\t\t\t\t\t<div class=\"e-con-inner\">\n\t\t\t\t<div class=\"elementor-element elementor-element-9dae853 elementor-widget elementor-widget-heading\" data-id=\"9dae853\" data-element_type=\"widget\" data-e-type=\"widget\" data-widget_type=\"heading.default\">\n\t\t\t\t<div class=\"elementor-widget-container\">\n\t\t\t\t\t<h3 class=\"elementor-heading-title elementor-size-default\">AUTRES COLLECTIVIT\u00c9S, ENTREPRISES<\/h3>\t\t\t\t<\/div>\n\t\t\t\t<\/div>\n\t\t\t\t\t<\/div>\n\t\t\t\t<\/div>\n\t\t<div class=\"elementor-element elementor-element-40263ed e-flex e-con-boxed e-con e-parent\" data-id=\"40263ed\" data-element_type=\"container\" data-e-type=\"container\">\n\t\t\t\t\t<div class=\"e-con-inner\">\n\t\t\t\t<div class=\"elementor-element elementor-element-4b86af1 elementor-widget elementor-widget-text-editor\" data-id=\"4b86af1\" data-element_type=\"widget\" data-e-type=\"widget\" data-widget_type=\"text-editor.default\">\n\t\t\t\t<div class=\"elementor-widget-container\">\n\t\t\t\t\t\t\t\t\t<ul>\n<li><b><i>Une simple habitude du quotidien ? :&nbsp;<\/i><\/b>Connaissez-vous le r\u00e9el impact de votre alimentation ? une conf\u00e9rence pour comprendre l&#8217;importance de bien se nourrir &#8211; 1h \u00e0 1h30 &#8211; Tous publics<\/li>\n<\/ul>\n<ul>\n<li><b><i>Alimentation et horaires atypiques :<\/i><\/b> risques et erreurs \u00e0 \u00e9viter, bonnes pratiques, influence du sommeil et du stress sur l&#8217;alimentation &#8211; 1h \u00e0 1h30 &#8211; Entreprises<\/li>\n<\/ul>\t\t\t\t\t\t\t\t<\/div>\n\t\t\t\t<\/div>\n\t\t\t\t\t<\/div>\n\t\t\t\t<\/div>\n\t\t<div class=\"elementor-element elementor-element-9358119 e-flex e-con-boxed e-con e-parent\" data-id=\"9358119\" data-element_type=\"container\" data-e-type=\"container\">\n\t\t\t\t\t<div class=\"e-con-inner\">\n\t\t\t\t<div class=\"elementor-element elementor-element-43e1346 elementor-widget elementor-widget-heading\" data-id=\"43e1346\" data-element_type=\"widget\" data-e-type=\"widget\" data-widget_type=\"heading.default\">\n\t\t\t\t<div class=\"elementor-widget-container\">\n\t\t\t\t\t<h3 class=\"elementor-heading-title elementor-size-default\">D'AUTRES IDEES ?<\/h3>\t\t\t\t<\/div>\n\t\t\t\t<\/div>\n\t\t\t\t\t<\/div>\n\t\t\t\t<\/div>\n\t\t<div class=\"elementor-element elementor-element-84762b1 e-flex e-con-boxed e-con e-parent\" data-id=\"84762b1\" data-element_type=\"container\" data-e-type=\"container\">\n\t\t\t\t\t<div class=\"e-con-inner\">\n\t\t\t\t<div class=\"elementor-element elementor-element-a6e68f3 elementor-widget elementor-widget-text-editor\" data-id=\"a6e68f3\" data-element_type=\"widget\" data-e-type=\"widget\" data-widget_type=\"text-editor.default\">\n\t\t\t\t<div class=\"elementor-widget-container\">\n\t\t\t\t\t\t\t\t\t<p>Vous avez une id\u00e9e d&#8217;intervention n\u00e9cessitant la pr\u00e9sence d&#8217;une professionnelle de l&#8217;alimentation ? <b>Discutons- en !\u00a0<\/b><\/p><p>Je me tiens \u00e0 votre disposition pour coconstruire votre projet ou apporter mon expertise \u00e0 votre pr\u00e9sentation.<\/p>\t\t\t\t\t\t\t\t<\/div>\n\t\t\t\t<\/div>\n\t\t\t\t\t<\/div>\n\t\t\t\t<\/div>\n\t\t<div class=\"elementor-element elementor-element-d9f6d56 e-flex e-con-boxed e-con e-parent\" data-id=\"d9f6d56\" data-element_type=\"container\" data-e-type=\"container\">\n\t\t\t\t\t<div class=\"e-con-inner\">\n\t\t\t\t<div class=\"elementor-element elementor-element-6879b97 elementor-widget elementor-widget-heading\" data-id=\"6879b97\" data-element_type=\"widget\" data-e-type=\"widget\" data-widget_type=\"heading.default\">\n\t\t\t\t<div class=\"elementor-widget-container\">\n\t\t\t\t\t<h2 class=\"elementor-heading-title elementor-size-default\">TARIFS<\/h2>\t\t\t\t<\/div>\n\t\t\t\t<\/div>\n\t\t\t\t\t<\/div>\n\t\t\t\t<\/div>\n\t\t<div class=\"elementor-element elementor-element-7db4d13 e-flex e-con-boxed e-con e-parent\" data-id=\"7db4d13\" data-element_type=\"container\" data-e-type=\"container\">\n\t\t\t\t\t<div class=\"e-con-inner\">\n\t\t\t\t<div class=\"elementor-element elementor-element-8bd180c elementor-widget elementor-widget-text-editor\" data-id=\"8bd180c\" data-element_type=\"widget\" data-e-type=\"widget\" data-widget_type=\"text-editor.default\">\n\t\t\t\t<div class=\"elementor-widget-container\">\n\t\t\t\t\t\t\t\t\t<h3>Tarifs sur devis en fonction du nombre de participants et des adaptations apport\u00e9es. N&#8217;h\u00e9sitez pas \u00e0 me contacter :<\/h3>\t\t\t\t\t\t\t\t<\/div>\n\t\t\t\t<\/div>\n\t\t\t\t\t<\/div>\n\t\t\t\t<\/div>\n\t\t<div class=\"elementor-element elementor-element-4913143 e-flex e-con-boxed e-con e-parent\" data-id=\"4913143\" data-element_type=\"container\" data-e-type=\"container\">\n\t\t\t\t\t<div class=\"e-con-inner\">\n\t\t\t\t<div class=\"elementor-element elementor-element-dc46c5e elementor-widget__width-initial elementor-widget elementor-widget-wpforms\" data-id=\"dc46c5e\" data-element_type=\"widget\" data-e-type=\"widget\" data-widget_type=\"wpforms.default\">\n\t\t\t\t<div class=\"elementor-widget-container\">\n\t\t\t\t\t<style id=\"wpforms-css-vars-elementor-widget-dc46c5e\">\n\t\t\t\t.elementor-widget-wpforms.elementor-element-dc46c5e {\n\t\t\t\t--wpforms-button-background-color: #FAB310;\n\t\t\t}\n\t\t\t<\/style><div class=\"wpforms-container wpforms-container-full wpforms-render-modern\" id=\"wpforms-117\"><form id=\"wpforms-form-117\" class=\"wpforms-validate wpforms-form wpforms-ajax-form\" data-formid=\"117\" method=\"post\" enctype=\"multipart\/form-data\" action=\"\/index.php?rest_route=%2Fwp%2Fv2%2Fpages%2F91\" data-token=\"5fc4b1cfc4dc32216494eac3d8e5956a\" data-token-time=\"1776774867\"><noscript class=\"wpforms-error-noscript\">Please enable JavaScript in your browser to complete this form.<\/noscript><div id=\"wpforms-error-noscript\" style=\"display: none;\">Please enable JavaScript in your browser to complete this form.<\/div><div class=\"wpforms-field-container\"><div id=\"wpforms-117-field_0-container\" class=\"wpforms-field wpforms-field-name\" data-field-id=\"0\"><fieldset><legend class=\"wpforms-field-label\">Nom <span class=\"wpforms-required-label\" aria-hidden=\"true\">*<\/span><\/legend><div class=\"wpforms-field-row wpforms-field-medium\"><div class=\"wpforms-field-row-block wpforms-first wpforms-one-half\"><input type=\"text\" id=\"wpforms-117-field_0\" class=\"wpforms-field-name-first wpforms-field-required\" name=\"wpforms[fields][0][first]\" aria-errormessage=\"wpforms-117-field_0-error\" required><label for=\"wpforms-117-field_0\" class=\"wpforms-field-sublabel after\">First<\/label><\/div><div class=\"wpforms-field-row-block wpforms-one-half\"><input type=\"text\" id=\"wpforms-117-field_0-last\" class=\"wpforms-field-name-last wpforms-field-required\" name=\"wpforms[fields][0][last]\" aria-errormessage=\"wpforms-117-field_0-last-error\" required><label for=\"wpforms-117-field_0-last\" class=\"wpforms-field-sublabel after\">Last<\/label><\/div><\/div><\/fieldset><\/div><div id=\"wpforms-117-field_1-container\" class=\"wpforms-field wpforms-field-email\" data-field-id=\"1\"><label class=\"wpforms-field-label\" for=\"wpforms-117-field_1\">Email <span class=\"wpforms-required-label\" aria-hidden=\"true\">*<\/span><\/label><input type=\"email\" id=\"wpforms-117-field_1\" class=\"wpforms-field-medium wpforms-field-required\" name=\"wpforms[fields][1]\" spellcheck=\"false\" aria-errormessage=\"wpforms-117-field_1-error\" required><\/div><div id=\"wpforms-117-field_2-container\" class=\"wpforms-field wpforms-field-textarea\" data-field-id=\"2\"><label class=\"wpforms-field-label\" for=\"wpforms-117-field_2\">Votre message <span class=\"wpforms-required-label\" aria-hidden=\"true\">*<\/span><\/label><textarea id=\"wpforms-117-field_2\" class=\"wpforms-field-medium wpforms-field-required\" name=\"wpforms[fields][2]\" aria-errormessage=\"wpforms-117-field_2-error\" required><\/textarea><\/div><\/div><!-- .wpforms-field-container --><div class=\"wpforms-submit-container\" ><input type=\"hidden\" name=\"wpforms[id]\" value=\"117\"><input type=\"hidden\" name=\"page_title\" value=\"\"><input type=\"hidden\" name=\"page_url\" value=\"https:\/\/xn--caroline-perret-ditticienne-socb.fr\/index.php?rest_route=\/wp\/v2\/pages\/91\"><input type=\"hidden\" name=\"url_referer\" value=\"\"><button type=\"submit\" name=\"wpforms[submit]\" id=\"wpforms-submit-117\" class=\"wpforms-submit\" data-alt-text=\"Envoi...\" data-submit-text=\"Envoyer\" aria-live=\"assertive\" value=\"wpforms-submit\">Envoyer<\/button><img decoding=\"async\" src=\"https:\/\/xn--caroline-perret-ditticienne-socb.fr\/wp-content\/plugins\/wpforms\/assets\/images\/submit-spin.svg\" class=\"wpforms-submit-spinner\" style=\"display: none;\" width=\"26\" height=\"26\" alt=\"Loading\"><\/div><\/form><\/div>  <!-- .wpforms-container -->\t\t\t\t<\/div>\n\t\t\t\t<\/div>\n\t\t\t\t\t<\/div>\n\t\t\t\t<\/div>\n\t\t\t\t<\/div>\n\t\t","protected":false},"excerpt":{"rendered":"<p>Catalogue d&#8217;interventions de pr\u00e9vention, sensibilisation et promotion de la nutrition et de la sant\u00e9 appuy\u00e9es sur la Charte d&#8217;Ottawa. INTERVENTIONS \u00c9TABLISSEMENTS SCOLAIRES &#8220;Bien manger&#8221;, qu&#8217;est ce que \u00e7a veut dire ? :&nbsp;Ateliers, jeux et informations ludiques sur notre corps et ses besoins, les nutriments, l&#8217;importance et l&#8217;impact d&#8217;une alimentation \u00e9quilibr\u00e9e. 2 \u00e0 3h &#8211; Niveaux&hellip; <br \/> <a class=\"read-more\" href=\"https:\/\/xn--caroline-perret-ditticienne-socb.fr\/?page_id=91\">Read more<\/a><\/p>\n","protected":false},"author":1,"featured_media":0,"parent":0,"menu_order":0,"comment_status":"closed","ping_status":"closed","template":"","meta":{"om_disable_all_campaigns":false,"_monsterinsights_skip_tracking":false,"_monsterinsights_sitenote_active":false,"_monsterinsights_sitenote_note":"","_monsterinsights_sitenote_category":0,"footnotes":""},"class_list":["post-91","page","type-page","status-publish","hentry"],"yoast_head":"<!-- This site is optimized with the Yoast SEO plugin v27.1.1 - https:\/\/yoast.com\/product\/yoast-seo-wordpress\/ -->\n<title>INTERVENTIONS - caroline-perret-di\u00e9t\u00e9ticienne.fr<\/title>\n<meta name=\"robots\" content=\"index, follow, max-snippet:-1, max-image-preview:large, max-video-preview:-1\" \/>\n<link rel=\"canonical\" href=\"https:\/\/xn--caroline-perret-ditticienne-socb.fr\/?page_id=91\" \/>\n<meta property=\"og:locale\" content=\"en_US\" \/>\n<meta property=\"og:type\" content=\"article\" \/>\n<meta property=\"og:title\" content=\"INTERVENTIONS - caroline-perret-di\u00e9t\u00e9ticienne.fr\" \/>\n<meta property=\"og:description\" content=\"Catalogue d&#8217;interventions de pr\u00e9vention, sensibilisation et promotion de la nutrition et de la sant\u00e9 appuy\u00e9es sur la Charte d&#8217;Ottawa. INTERVENTIONS \u00c9TABLISSEMENTS SCOLAIRES &#8220;Bien manger&#8221;, qu&#8217;est ce que \u00e7a veut dire ? :&nbsp;Ateliers, jeux et informations ludiques sur notre corps et ses besoins, les nutriments, l&#8217;importance et l&#8217;impact d&#8217;une alimentation \u00e9quilibr\u00e9e. 2 \u00e0 3h &#8211; Niveaux&hellip; Read more\" \/>\n<meta property=\"og:url\" content=\"https:\/\/xn--caroline-perret-ditticienne-socb.fr\/?page_id=91\" \/>\n<meta property=\"og:site_name\" content=\"caroline-perret-di\u00e9t\u00e9ticienne.fr\" \/>\n<meta property=\"article:modified_time\" content=\"2026-02-07T17:35:36+00:00\" \/>\n<meta property=\"og:image\" content=\"http:\/\/xn--caroline-perret-ditticienne-socb.fr\/wp-content\/uploads\/2025\/10\/7.png\" \/>\n<meta name=\"twitter:card\" content=\"summary_large_image\" \/>\n<meta name=\"twitter:label1\" content=\"Est. reading time\" \/>\n\t<meta name=\"twitter:data1\" content=\"2 minutes\" \/>\n<script type=\"application\/ld+json\" class=\"yoast-schema-graph\">{\"@context\":\"https:\/\/schema.org\",\"@graph\":[{\"@type\":\"WebPage\",\"@id\":\"https:\/\/xn--caroline-perret-ditticienne-socb.fr\/?page_id=91\",\"url\":\"https:\/\/xn--caroline-perret-ditticienne-socb.fr\/?page_id=91\",\"name\":\"INTERVENTIONS - caroline-perret-di\u00e9t\u00e9ticienne.fr\",\"isPartOf\":{\"@id\":\"https:\/\/xn--caroline-perret-ditticienne-socb.fr\/#website\"},\"primaryImageOfPage\":{\"@id\":\"https:\/\/xn--caroline-perret-ditticienne-socb.fr\/?page_id=91#primaryimage\"},\"image\":{\"@id\":\"https:\/\/xn--caroline-perret-ditticienne-socb.fr\/?page_id=91#primaryimage\"},\"thumbnailUrl\":\"http:\/\/xn--caroline-perret-ditticienne-socb.fr\/wp-content\/uploads\/2025\/10\/7.png\",\"datePublished\":\"2023-12-14T21:41:10+00:00\",\"dateModified\":\"2026-02-07T17:35:36+00:00\",\"breadcrumb\":{\"@id\":\"https:\/\/xn--caroline-perret-ditticienne-socb.fr\/?page_id=91#breadcrumb\"},\"inLanguage\":\"en-US\",\"potentialAction\":[{\"@type\":\"ReadAction\",\"target\":[\"https:\/\/xn--caroline-perret-ditticienne-socb.fr\/?page_id=91\"]}]},{\"@type\":\"ImageObject\",\"inLanguage\":\"en-US\",\"@id\":\"https:\/\/xn--caroline-perret-ditticienne-socb.fr\/?page_id=91#primaryimage\",\"url\":\"https:\/\/xn--caroline-perret-ditticienne-socb.fr\/wp-content\/uploads\/2025\/10\/7.png\",\"contentUrl\":\"https:\/\/xn--caroline-perret-ditticienne-socb.fr\/wp-content\/uploads\/2025\/10\/7.png\",\"width\":851,\"height\":315},{\"@type\":\"BreadcrumbList\",\"@id\":\"https:\/\/xn--caroline-perret-ditticienne-socb.fr\/?page_id=91#breadcrumb\",\"itemListElement\":[{\"@type\":\"ListItem\",\"position\":1,\"name\":\"Accueil\",\"item\":\"https:\/\/xn--caroline-perret-ditticienne-socb.fr\/\"},{\"@type\":\"ListItem\",\"position\":2,\"name\":\"INTERVENTIONS\"}]},{\"@type\":\"WebSite\",\"@id\":\"https:\/\/xn--caroline-perret-ditticienne-socb.fr\/#website\",\"url\":\"https:\/\/xn--caroline-perret-ditticienne-socb.fr\/\",\"name\":\"caroline-perret-di\u00e9t\u00e9ticienne.fr\",\"description\":\"\",\"potentialAction\":[{\"@type\":\"SearchAction\",\"target\":{\"@type\":\"EntryPoint\",\"urlTemplate\":\"https:\/\/xn--caroline-perret-ditticienne-socb.fr\/?s={search_term_string}\"},\"query-input\":{\"@type\":\"PropertyValueSpecification\",\"valueRequired\":true,\"valueName\":\"search_term_string\"}}],\"inLanguage\":\"en-US\"}]}<\/script>\n<!-- \/ Yoast SEO plugin. -->","yoast_head_json":{"title":"INTERVENTIONS - caroline-perret-di\u00e9t\u00e9ticienne.fr","robots":{"index":"index","follow":"follow","max-snippet":"max-snippet:-1","max-image-preview":"max-image-preview:large","max-video-preview":"max-video-preview:-1"},"canonical":"https:\/\/xn--caroline-perret-ditticienne-socb.fr\/?page_id=91","og_locale":"en_US","og_type":"article","og_title":"INTERVENTIONS - caroline-perret-di\u00e9t\u00e9ticienne.fr","og_description":"Catalogue d&#8217;interventions de pr\u00e9vention, sensibilisation et promotion de la nutrition et de la sant\u00e9 appuy\u00e9es sur la Charte d&#8217;Ottawa. INTERVENTIONS \u00c9TABLISSEMENTS SCOLAIRES &#8220;Bien manger&#8221;, qu&#8217;est ce que \u00e7a veut dire ? :&nbsp;Ateliers, jeux et informations ludiques sur notre corps et ses besoins, les nutriments, l&#8217;importance et l&#8217;impact d&#8217;une alimentation \u00e9quilibr\u00e9e. 2 \u00e0 3h &#8211; Niveaux&hellip; Read more","og_url":"https:\/\/xn--caroline-perret-ditticienne-socb.fr\/?page_id=91","og_site_name":"caroline-perret-di\u00e9t\u00e9ticienne.fr","article_modified_time":"2026-02-07T17:35:36+00:00","og_image":[{"url":"http:\/\/xn--caroline-perret-ditticienne-socb.fr\/wp-content\/uploads\/2025\/10\/7.png","type":"","width":"","height":""}],"twitter_card":"summary_large_image","twitter_misc":{"Est. reading time":"2 minutes"},"schema":{"@context":"https:\/\/schema.org","@graph":[{"@type":"WebPage","@id":"https:\/\/xn--caroline-perret-ditticienne-socb.fr\/?page_id=91","url":"https:\/\/xn--caroline-perret-ditticienne-socb.fr\/?page_id=91","name":"INTERVENTIONS - caroline-perret-di\u00e9t\u00e9ticienne.fr","isPartOf":{"@id":"https:\/\/xn--caroline-perret-ditticienne-socb.fr\/#website"},"primaryImageOfPage":{"@id":"https:\/\/xn--caroline-perret-ditticienne-socb.fr\/?page_id=91#primaryimage"},"image":{"@id":"https:\/\/xn--caroline-perret-ditticienne-socb.fr\/?page_id=91#primaryimage"},"thumbnailUrl":"http:\/\/xn--caroline-perret-ditticienne-socb.fr\/wp-content\/uploads\/2025\/10\/7.png","datePublished":"2023-12-14T21:41:10+00:00","dateModified":"2026-02-07T17:35:36+00:00","breadcrumb":{"@id":"https:\/\/xn--caroline-perret-ditticienne-socb.fr\/?page_id=91#breadcrumb"},"inLanguage":"en-US","potentialAction":[{"@type":"ReadAction","target":["https:\/\/xn--caroline-perret-ditticienne-socb.fr\/?page_id=91"]}]},{"@type":"ImageObject","inLanguage":"en-US","@id":"https:\/\/xn--caroline-perret-ditticienne-socb.fr\/?page_id=91#primaryimage","url":"https:\/\/xn--caroline-perret-ditticienne-socb.fr\/wp-content\/uploads\/2025\/10\/7.png","contentUrl":"https:\/\/xn--caroline-perret-ditticienne-socb.fr\/wp-content\/uploads\/2025\/10\/7.png","width":851,"height":315},{"@type":"BreadcrumbList","@id":"https:\/\/xn--caroline-perret-ditticienne-socb.fr\/?page_id=91#breadcrumb","itemListElement":[{"@type":"ListItem","position":1,"name":"Accueil","item":"https:\/\/xn--caroline-perret-ditticienne-socb.fr\/"},{"@type":"ListItem","position":2,"name":"INTERVENTIONS"}]},{"@type":"WebSite","@id":"https:\/\/xn--caroline-perret-ditticienne-socb.fr\/#website","url":"https:\/\/xn--caroline-perret-ditticienne-socb.fr\/","name":"caroline-perret-di\u00e9t\u00e9ticienne.fr","description":"","potentialAction":[{"@type":"SearchAction","target":{"@type":"EntryPoint","urlTemplate":"https:\/\/xn--caroline-perret-ditticienne-socb.fr\/?s={search_term_string}"},"query-input":{"@type":"PropertyValueSpecification","valueRequired":true,"valueName":"search_term_string"}}],"inLanguage":"en-US"}]}},"_links":{"self":[{"href":"https:\/\/xn--caroline-perret-ditticienne-socb.fr\/index.php?rest_route=\/wp\/v2\/pages\/91","targetHints":{"allow":["GET"]}}],"collection":[{"href":"https:\/\/xn--caroline-perret-ditticienne-socb.fr\/index.php?rest_route=\/wp\/v2\/pages"}],"about":[{"href":"https:\/\/xn--caroline-perret-ditticienne-socb.fr\/index.php?rest_route=\/wp\/v2\/types\/page"}],"author":[{"embeddable":true,"href":"https:\/\/xn--caroline-perret-ditticienne-socb.fr\/index.php?rest_route=\/wp\/v2\/users\/1"}],"replies":[{"embeddable":true,"href":"https:\/\/xn--caroline-perret-ditticienne-socb.fr\/index.php?rest_route=%2Fwp%2Fv2%2Fcomments&post=91"}],"version-history":[{"count":45,"href":"https:\/\/xn--caroline-perret-ditticienne-socb.fr\/index.php?rest_route=\/wp\/v2\/pages\/91\/revisions"}],"predecessor-version":[{"id":623,"href":"https:\/\/xn--caroline-perret-ditticienne-socb.fr\/index.php?rest_route=\/wp\/v2\/pages\/91\/revisions\/623"}],"wp:attachment":[{"href":"https:\/\/xn--caroline-perret-ditticienne-socb.fr\/index.php?rest_route=%2Fwp%2Fv2%2Fmedia&parent=91"}],"curies":[{"name":"wp","href":"https:\/\/api.w.org\/{rel}","templated":true}]}}