{"id":82,"date":"2023-12-12T09:55:08","date_gmt":"2023-12-12T08:55:08","guid":{"rendered":"https:\/\/xn--caroline-perret-ditticienne-socb.fr\/?page_id=82"},"modified":"2025-10-17T14:24:31","modified_gmt":"2025-10-17T12:24:31","slug":"cours-et-ateliers","status":"publish","type":"page","link":"https:\/\/xn--caroline-perret-ditticienne-socb.fr\/?page_id=82","title":{"rendered":"COURS et ATELIERS"},"content":{"rendered":"\t\t<div data-elementor-type=\"wp-page\" data-elementor-id=\"82\" class=\"elementor elementor-82\">\n\t\t\t\t<div class=\"elementor-element elementor-element-c19c55d e-flex e-con-boxed e-con e-parent\" data-id=\"c19c55d\" data-element_type=\"container\" data-e-type=\"container\">\n\t\t\t\t\t<div class=\"e-con-inner\">\n\t\t\t\t<div class=\"elementor-element elementor-element-0665639 elementor-widget elementor-widget-image\" data-id=\"0665639\" data-element_type=\"widget\" data-e-type=\"widget\" data-widget_type=\"image.default\">\n\t\t\t\t<div class=\"elementor-widget-container\">\n\t\t\t\t\t\t\t\t\t\t\t\t\t\t\t<img fetchpriority=\"high\" decoding=\"async\" width=\"851\" height=\"315\" src=\"https:\/\/xn--caroline-perret-ditticienne-socb.fr\/wp-content\/uploads\/2025\/10\/6.png\" class=\"attachment-large size-large wp-image-484\" alt=\"\" srcset=\"https:\/\/xn--caroline-perret-ditticienne-socb.fr\/wp-content\/uploads\/2025\/10\/6.png 851w, https:\/\/xn--caroline-perret-ditticienne-socb.fr\/wp-content\/uploads\/2025\/10\/6-300x111.png 300w, https:\/\/xn--caroline-perret-ditticienne-socb.fr\/wp-content\/uploads\/2025\/10\/6-768x284.png 768w\" sizes=\"(max-width: 851px) 100vw, 851px\" \/>\t\t\t\t\t\t\t\t\t\t\t\t\t\t\t<\/div>\n\t\t\t\t<\/div>\n\t\t\t\t\t<\/div>\n\t\t\t\t<\/div>\n\t\t<div class=\"elementor-element elementor-element-78ff153 e-flex e-con-boxed e-con e-parent\" data-id=\"78ff153\" data-element_type=\"container\" data-e-type=\"container\">\n\t\t\t\t\t<div class=\"e-con-inner\">\n\t\t\t\t<div class=\"elementor-element elementor-element-49e25e7 elementor-widget elementor-widget-text-editor\" data-id=\"49e25e7\" data-element_type=\"widget\" data-e-type=\"widget\" data-widget_type=\"text-editor.default\">\n\t\t\t\t<div class=\"elementor-widget-container\">\n\t\t\t\t\t\t\t\t\t<p><b>Du concret et de la pratique pour savoir exactement quoi faire<\/b>, c&#8217;est ce que r\u00e9clament beaucoup de patients lors des accompagnements en di\u00e9t\u00e9tique et nutrition.&nbsp;<\/p>\n<p>Passionn\u00e9e de cuisine et de transmission, <b>je vous propose des cours et ateliers pratiques pour apprendre \u00e0 mieux consommer, choisir et cuisiner les bons produits pour de meilleurs r\u00e9sultats et l&#8217;atteinte rapide de vos objectifs<\/b>. En particulier ou entre amis, nous passerons un moment d&#8217;apprentissage convivial et ludique pour que manger sainement soit un plaisir.<\/p>\t\t\t\t\t\t\t\t<\/div>\n\t\t\t\t<\/div>\n\t\t\t\t\t<\/div>\n\t\t\t\t<\/div>\n\t\t<div class=\"elementor-element elementor-element-1dd2063 e-flex e-con-boxed e-con e-parent\" data-id=\"1dd2063\" data-element_type=\"container\" data-e-type=\"container\">\n\t\t\t\t\t<div class=\"e-con-inner\">\n\t\t\t\t<div class=\"elementor-element elementor-element-2875da8 elementor-widget-divider--view-line elementor-widget elementor-widget-divider\" data-id=\"2875da8\" data-element_type=\"widget\" data-e-type=\"widget\" data-widget_type=\"divider.default\">\n\t\t\t\t<div class=\"elementor-widget-container\">\n\t\t\t\t\t\t\t<div class=\"elementor-divider\">\n\t\t\t<span class=\"elementor-divider-separator\">\n\t\t\t\t\t\t<\/span>\n\t\t<\/div>\n\t\t\t\t\t\t<\/div>\n\t\t\t\t<\/div>\n\t\t\t\t\t<\/div>\n\t\t\t\t<\/div>\n\t\t<div class=\"elementor-element elementor-element-7a568b5 e-flex e-con-boxed e-con e-parent\" data-id=\"7a568b5\" data-element_type=\"container\" data-e-type=\"container\">\n\t\t\t\t\t<div class=\"e-con-inner\">\n\t\t\t\t<div class=\"elementor-element elementor-element-f5f45d3 elementor-widget elementor-widget-heading\" data-id=\"f5f45d3\" data-element_type=\"widget\" data-e-type=\"widget\" data-widget_type=\"heading.default\">\n\t\t\t\t<div class=\"elementor-widget-container\">\n\t\t\t\t\t<h2 class=\"elementor-heading-title elementor-size-default\">COURS DE CUISINE<\/h2>\t\t\t\t<\/div>\n\t\t\t\t<\/div>\n\t\t\t\t\t<\/div>\n\t\t\t\t<\/div>\n\t\t<div class=\"elementor-element elementor-element-9a95b6e e-flex e-con-boxed e-con e-parent\" data-id=\"9a95b6e\" data-element_type=\"container\" data-e-type=\"container\">\n\t\t\t\t\t<div class=\"e-con-inner\">\n\t\t\t\t<div class=\"elementor-element elementor-element-188b5f9 elementor-widget elementor-widget-text-editor\" data-id=\"188b5f9\" data-element_type=\"widget\" data-e-type=\"widget\" data-widget_type=\"text-editor.default\">\n\t\t\t\t<div class=\"elementor-widget-container\">\n\t\t\t\t\t\t\t\t\t<ul>\n<li><strong>Les Bases :<\/strong> Pour celles et ceux qui d\u00e9butent en cuisine ou sont adeptes des plats tout pr\u00eats, cuisinons ensemble facilement et rapidement un repas \u00e9quilibr\u00e9 avec les gestes et techniques de base \u00e0 reproduire pour commencer \u00e0 bien cuisiner au quotidien.<\/li><\/ul><ul>\n<li><strong>Cuisine Di\u00e9t\u00e9tique :<\/strong> Si pour vous di\u00e9t\u00e9tique est synonyme de l\u00e9gumes vapeur, ce cours vous fera d\u00e9couvrir les techniques pour all\u00e9ger vos recettes en gardant go\u00fbt et plaisir. Remplacer certains produits, savoir choisir et doser les ingr\u00e9dients, faire les bonnes associations pour apprendre \u00e0 manger sainement et diminuer les calories sans frustration.<\/li><\/ul><ul>\n<li><strong>R\u00e9gime Particulier :<\/strong> Vous devez supprimer ou limiter certains aliments que ce soit dans le cadre d&#8217;une allergie ou d&#8217;une pathologie ? Dans ce cours adapt\u00e9 \u00e0 vos besoins, je vous apprendrai de mani\u00e8re concr\u00e8te les aliments \u00e0 favoriser et ceux \u00e0 \u00e9viter et comment cuisiner en gardant le plaisir de manger malgr\u00e9 ces \u00e9victions.<\/li>\n<\/ul>\t\t\t\t\t\t\t\t<\/div>\n\t\t\t\t<\/div>\n\t\t\t\t\t<\/div>\n\t\t\t\t<\/div>\n\t\t<div class=\"elementor-element elementor-element-dbaa950 e-flex e-con-boxed e-con e-parent\" data-id=\"dbaa950\" data-element_type=\"container\" data-e-type=\"container\">\n\t\t\t\t\t<div class=\"e-con-inner\">\n\t\t<div class=\"elementor-element elementor-element-5550247 e-con-full e-flex e-con e-child\" data-id=\"5550247\" data-element_type=\"container\" data-e-type=\"container\">\n\t\t\t\t<div class=\"elementor-element elementor-element-da1b5f9 elementor-widget elementor-widget-heading\" data-id=\"da1b5f9\" data-element_type=\"widget\" data-e-type=\"widget\" data-widget_type=\"heading.default\">\n\t\t\t\t<div class=\"elementor-widget-container\">\n\t\t\t\t\t<h3 class=\"elementor-heading-title elementor-size-default\">TARIFS<\/h3>\t\t\t\t<\/div>\n\t\t\t\t<\/div>\n\t\t\t\t<\/div>\n\t\t<div class=\"elementor-element elementor-element-76562bf e-con-full e-flex e-con e-child\" data-id=\"76562bf\" data-element_type=\"container\" data-e-type=\"container\">\n\t\t\t\t<div class=\"elementor-element elementor-element-d4182b0 elementor-widget elementor-widget-text-editor\" data-id=\"d4182b0\" data-element_type=\"widget\" data-e-type=\"widget\" data-widget_type=\"text-editor.default\">\n\t\t\t\t<div class=\"elementor-widget-container\">\n\t\t\t\t\t\t\t\t\t<p>1 personne : 50\u20ac\u00a0<\/p><p>2 Personnes : 90\u20ac<\/p><p>3 Personnes : 130\u20ac<\/p><p>Cours \u00e0 votre domicile +0,50\u20ac \/km. Ingr\u00e9dients compris. 1h30\/2h<\/p>\t\t\t\t\t\t\t\t<\/div>\n\t\t\t\t<\/div>\n\t\t\t\t<\/div>\n\t\t\t\t\t<\/div>\n\t\t\t\t<\/div>\n\t\t<div class=\"elementor-element elementor-element-3f61ab5 e-flex e-con-boxed e-con e-parent\" data-id=\"3f61ab5\" data-element_type=\"container\" data-e-type=\"container\">\n\t\t\t\t\t<div class=\"e-con-inner\">\n\t\t\t\t<div class=\"elementor-element elementor-element-6b65421 elementor-align-center elementor-widget elementor-widget-button\" data-id=\"6b65421\" data-element_type=\"widget\" data-e-type=\"widget\" data-widget_type=\"button.default\">\n\t\t\t\t<div class=\"elementor-widget-container\">\n\t\t\t\t\t\t\t\t\t<div class=\"elementor-button-wrapper\">\n\t\t\t\t\t<a class=\"elementor-button elementor-button-link elementor-size-md\" href=\"https:\/\/xn--caroline-perret-ditticienne-socb.fr\/?page_id=52\">\n\t\t\t\t\t\t<span class=\"elementor-button-content-wrapper\">\n\t\t\t\t\t\t\t\t\t<span class=\"elementor-button-text\">R\u00c9SERVER UN COURS<\/span>\n\t\t\t\t\t<\/span>\n\t\t\t\t\t<\/a>\n\t\t\t\t<\/div>\n\t\t\t\t\t\t\t\t<\/div>\n\t\t\t\t<\/div>\n\t\t\t\t\t<\/div>\n\t\t\t\t<\/div>\n\t\t<div class=\"elementor-element elementor-element-9610e53 e-flex e-con-boxed e-con e-parent\" data-id=\"9610e53\" data-element_type=\"container\" data-e-type=\"container\">\n\t\t\t\t\t<div class=\"e-con-inner\">\n\t\t\t\t<div class=\"elementor-element elementor-element-4d68f3b elementor-widget-divider--view-line elementor-widget elementor-widget-divider\" data-id=\"4d68f3b\" data-element_type=\"widget\" data-e-type=\"widget\" data-widget_type=\"divider.default\">\n\t\t\t\t<div class=\"elementor-widget-container\">\n\t\t\t\t\t\t\t<div class=\"elementor-divider\">\n\t\t\t<span class=\"elementor-divider-separator\">\n\t\t\t\t\t\t<\/span>\n\t\t<\/div>\n\t\t\t\t\t\t<\/div>\n\t\t\t\t<\/div>\n\t\t\t\t\t<\/div>\n\t\t\t\t<\/div>\n\t\t<div class=\"elementor-element elementor-element-2c0eb27 e-flex e-con-boxed e-con e-parent\" data-id=\"2c0eb27\" data-element_type=\"container\" data-e-type=\"container\">\n\t\t\t\t\t<div class=\"e-con-inner\">\n\t\t\t\t<div class=\"elementor-element elementor-element-402f8eb elementor-widget elementor-widget-heading\" data-id=\"402f8eb\" data-element_type=\"widget\" data-e-type=\"widget\" data-widget_type=\"heading.default\">\n\t\t\t\t<div class=\"elementor-widget-container\">\n\t\t\t\t\t<h2 class=\"elementor-heading-title elementor-size-default\">ATELIER \"BIEN CHOISIR\"<\/h2>\t\t\t\t<\/div>\n\t\t\t\t<\/div>\n\t\t\t\t\t<\/div>\n\t\t\t\t<\/div>\n\t\t<div class=\"elementor-element elementor-element-fba2ab3 e-flex e-con-boxed e-con e-parent\" data-id=\"fba2ab3\" data-element_type=\"container\" data-e-type=\"container\">\n\t\t\t\t\t<div class=\"e-con-inner\">\n\t\t\t\t<div class=\"elementor-element elementor-element-3cb29cd elementor-widget elementor-widget-text-editor\" data-id=\"3cb29cd\" data-element_type=\"widget\" data-e-type=\"widget\" data-widget_type=\"text-editor.default\">\n\t\t\t\t<div class=\"elementor-widget-container\">\n\t\t\t\t\t\t\t\t\t<p>Dans cet atelier, nous partons en situation dans les rayons de votre magasin habituel pour d\u00e9crypter vos comportements d&#8217;achats, apprendre des astuces consos, d\u00e9coder les \u00e9tiquettes, bien utiliser le Nutriscore pour choisir les bons produits et prendre des habitudes saines pour mieux consommer.<\/p>\t\t\t\t\t\t\t\t<\/div>\n\t\t\t\t<\/div>\n\t\t\t\t\t<\/div>\n\t\t\t\t<\/div>\n\t\t<div class=\"elementor-element elementor-element-8521771 e-flex e-con-boxed e-con e-parent\" data-id=\"8521771\" data-element_type=\"container\" data-e-type=\"container\">\n\t\t\t\t\t<div class=\"e-con-inner\">\n\t\t<div class=\"elementor-element elementor-element-cf201fa e-con-full e-flex e-con e-child\" data-id=\"cf201fa\" data-element_type=\"container\" data-e-type=\"container\">\n\t\t\t\t<div class=\"elementor-element elementor-element-b2234b0 elementor-widget elementor-widget-heading\" data-id=\"b2234b0\" data-element_type=\"widget\" data-e-type=\"widget\" data-widget_type=\"heading.default\">\n\t\t\t\t<div class=\"elementor-widget-container\">\n\t\t\t\t\t<h3 class=\"elementor-heading-title elementor-size-default\">TARIFS<\/h3>\t\t\t\t<\/div>\n\t\t\t\t<\/div>\n\t\t\t\t<\/div>\n\t\t<div class=\"elementor-element elementor-element-f0f7df7 e-con-full e-flex e-con e-child\" data-id=\"f0f7df7\" data-element_type=\"container\" data-e-type=\"container\">\n\t\t\t\t<div class=\"elementor-element elementor-element-ee82a26 elementor-widget elementor-widget-text-editor\" data-id=\"ee82a26\" data-element_type=\"widget\" data-e-type=\"widget\" data-widget_type=\"text-editor.default\">\n\t\t\t\t<div class=\"elementor-widget-container\">\n\t\t\t\t\t\t\t\t\t<p>1h &#8211; 20\u20ac\/Personne<\/p>\t\t\t\t\t\t\t\t<\/div>\n\t\t\t\t<\/div>\n\t\t\t\t<\/div>\n\t\t\t\t\t<\/div>\n\t\t\t\t<\/div>\n\t\t<div class=\"elementor-element elementor-element-e79ee86 e-flex e-con-boxed e-con e-parent\" data-id=\"e79ee86\" data-element_type=\"container\" data-e-type=\"container\">\n\t\t\t\t\t<div class=\"e-con-inner\">\n\t\t\t\t<div class=\"elementor-element elementor-element-b1199ce elementor-align-center elementor-widget elementor-widget-button\" data-id=\"b1199ce\" data-element_type=\"widget\" data-e-type=\"widget\" data-widget_type=\"button.default\">\n\t\t\t\t<div class=\"elementor-widget-container\">\n\t\t\t\t\t\t\t\t\t<div class=\"elementor-button-wrapper\">\n\t\t\t\t\t<a class=\"elementor-button elementor-button-link elementor-size-md\" href=\"https:\/\/xn--caroline-perret-ditticienne-socb.fr\/?page_id=52\">\n\t\t\t\t\t\t<span class=\"elementor-button-content-wrapper\">\n\t\t\t\t\t\t\t\t\t<span class=\"elementor-button-text\">R\u00c9SERVER UN ATELIER<\/span>\n\t\t\t\t\t<\/span>\n\t\t\t\t\t<\/a>\n\t\t\t\t<\/div>\n\t\t\t\t\t\t\t\t<\/div>\n\t\t\t\t<\/div>\n\t\t\t\t\t<\/div>\n\t\t\t\t<\/div>\n\t\t\t\t<\/div>\n\t\t","protected":false},"excerpt":{"rendered":"<p>Du concret et de la pratique pour savoir exactement quoi faire, c&#8217;est ce que r\u00e9clament beaucoup de patients lors des accompagnements en di\u00e9t\u00e9tique et nutrition.&nbsp; Passionn\u00e9e de cuisine et de transmission, je vous propose des cours et ateliers pratiques pour apprendre \u00e0 mieux consommer, choisir et cuisiner les bons produits pour de meilleurs r\u00e9sultats et&hellip; <br \/> <a class=\"read-more\" href=\"https:\/\/xn--caroline-perret-ditticienne-socb.fr\/?page_id=82\">Read more<\/a><\/p>\n","protected":false},"author":1,"featured_media":0,"parent":0,"menu_order":0,"comment_status":"closed","ping_status":"closed","template":"","meta":{"om_disable_all_campaigns":false,"_monsterinsights_skip_tracking":false,"_monsterinsights_sitenote_active":false,"_monsterinsights_sitenote_note":"","_monsterinsights_sitenote_category":0,"footnotes":""},"class_list":["post-82","page","type-page","status-publish","hentry"],"yoast_head":"<!-- This site is optimized with the Yoast SEO plugin v27.1.1 - https:\/\/yoast.com\/product\/yoast-seo-wordpress\/ -->\n<title>COURS et ATELIERS - caroline-perret-di\u00e9t\u00e9ticienne.fr<\/title>\n<meta name=\"robots\" content=\"index, follow, max-snippet:-1, max-image-preview:large, max-video-preview:-1\" \/>\n<link rel=\"canonical\" href=\"https:\/\/xn--caroline-perret-ditticienne-socb.fr\/?page_id=82\" \/>\n<meta property=\"og:locale\" content=\"en_US\" \/>\n<meta property=\"og:type\" content=\"article\" \/>\n<meta property=\"og:title\" content=\"COURS et ATELIERS - caroline-perret-di\u00e9t\u00e9ticienne.fr\" \/>\n<meta property=\"og:description\" content=\"Du concret et de la pratique pour savoir exactement quoi faire, c&#8217;est ce que r\u00e9clament beaucoup de patients lors des accompagnements en di\u00e9t\u00e9tique et nutrition.&nbsp; Passionn\u00e9e de cuisine et de transmission, je vous propose des cours et ateliers pratiques pour apprendre \u00e0 mieux consommer, choisir et cuisiner les bons produits pour de meilleurs r\u00e9sultats et&hellip; Read more\" \/>\n<meta property=\"og:url\" content=\"https:\/\/xn--caroline-perret-ditticienne-socb.fr\/?page_id=82\" \/>\n<meta property=\"og:site_name\" content=\"caroline-perret-di\u00e9t\u00e9ticienne.fr\" \/>\n<meta property=\"article:modified_time\" content=\"2025-10-17T12:24:31+00:00\" \/>\n<meta property=\"og:image\" content=\"http:\/\/xn--caroline-perret-ditticienne-socb.fr\/wp-content\/uploads\/2025\/10\/6.png\" \/>\n<meta name=\"twitter:card\" content=\"summary_large_image\" \/>\n<meta name=\"twitter:label1\" content=\"Est. reading time\" \/>\n\t<meta name=\"twitter:data1\" content=\"2 minutes\" \/>\n<script type=\"application\/ld+json\" class=\"yoast-schema-graph\">{\"@context\":\"https:\/\/schema.org\",\"@graph\":[{\"@type\":\"WebPage\",\"@id\":\"https:\/\/xn--caroline-perret-ditticienne-socb.fr\/?page_id=82\",\"url\":\"https:\/\/xn--caroline-perret-ditticienne-socb.fr\/?page_id=82\",\"name\":\"COURS et ATELIERS - caroline-perret-di\u00e9t\u00e9ticienne.fr\",\"isPartOf\":{\"@id\":\"https:\/\/xn--caroline-perret-ditticienne-socb.fr\/#website\"},\"primaryImageOfPage\":{\"@id\":\"https:\/\/xn--caroline-perret-ditticienne-socb.fr\/?page_id=82#primaryimage\"},\"image\":{\"@id\":\"https:\/\/xn--caroline-perret-ditticienne-socb.fr\/?page_id=82#primaryimage\"},\"thumbnailUrl\":\"http:\/\/xn--caroline-perret-ditticienne-socb.fr\/wp-content\/uploads\/2025\/10\/6.png\",\"datePublished\":\"2023-12-12T08:55:08+00:00\",\"dateModified\":\"2025-10-17T12:24:31+00:00\",\"breadcrumb\":{\"@id\":\"https:\/\/xn--caroline-perret-ditticienne-socb.fr\/?page_id=82#breadcrumb\"},\"inLanguage\":\"en-US\",\"potentialAction\":[{\"@type\":\"ReadAction\",\"target\":[\"https:\/\/xn--caroline-perret-ditticienne-socb.fr\/?page_id=82\"]}]},{\"@type\":\"ImageObject\",\"inLanguage\":\"en-US\",\"@id\":\"https:\/\/xn--caroline-perret-ditticienne-socb.fr\/?page_id=82#primaryimage\",\"url\":\"https:\/\/xn--caroline-perret-ditticienne-socb.fr\/wp-content\/uploads\/2025\/10\/6.png\",\"contentUrl\":\"https:\/\/xn--caroline-perret-ditticienne-socb.fr\/wp-content\/uploads\/2025\/10\/6.png\",\"width\":851,\"height\":315},{\"@type\":\"BreadcrumbList\",\"@id\":\"https:\/\/xn--caroline-perret-ditticienne-socb.fr\/?page_id=82#breadcrumb\",\"itemListElement\":[{\"@type\":\"ListItem\",\"position\":1,\"name\":\"Accueil\",\"item\":\"https:\/\/xn--caroline-perret-ditticienne-socb.fr\/\"},{\"@type\":\"ListItem\",\"position\":2,\"name\":\"COURS et ATELIERS\"}]},{\"@type\":\"WebSite\",\"@id\":\"https:\/\/xn--caroline-perret-ditticienne-socb.fr\/#website\",\"url\":\"https:\/\/xn--caroline-perret-ditticienne-socb.fr\/\",\"name\":\"caroline-perret-di\u00e9t\u00e9ticienne.fr\",\"description\":\"\",\"potentialAction\":[{\"@type\":\"SearchAction\",\"target\":{\"@type\":\"EntryPoint\",\"urlTemplate\":\"https:\/\/xn--caroline-perret-ditticienne-socb.fr\/?s={search_term_string}\"},\"query-input\":{\"@type\":\"PropertyValueSpecification\",\"valueRequired\":true,\"valueName\":\"search_term_string\"}}],\"inLanguage\":\"en-US\"}]}<\/script>\n<!-- \/ Yoast SEO plugin. -->","yoast_head_json":{"title":"COURS et ATELIERS - caroline-perret-di\u00e9t\u00e9ticienne.fr","robots":{"index":"index","follow":"follow","max-snippet":"max-snippet:-1","max-image-preview":"max-image-preview:large","max-video-preview":"max-video-preview:-1"},"canonical":"https:\/\/xn--caroline-perret-ditticienne-socb.fr\/?page_id=82","og_locale":"en_US","og_type":"article","og_title":"COURS et ATELIERS - caroline-perret-di\u00e9t\u00e9ticienne.fr","og_description":"Du concret et de la pratique pour savoir exactement quoi faire, c&#8217;est ce que r\u00e9clament beaucoup de patients lors des accompagnements en di\u00e9t\u00e9tique et nutrition.&nbsp; Passionn\u00e9e de cuisine et de transmission, je vous propose des cours et ateliers pratiques pour apprendre \u00e0 mieux consommer, choisir et cuisiner les bons produits pour de meilleurs r\u00e9sultats et&hellip; Read more","og_url":"https:\/\/xn--caroline-perret-ditticienne-socb.fr\/?page_id=82","og_site_name":"caroline-perret-di\u00e9t\u00e9ticienne.fr","article_modified_time":"2025-10-17T12:24:31+00:00","og_image":[{"url":"http:\/\/xn--caroline-perret-ditticienne-socb.fr\/wp-content\/uploads\/2025\/10\/6.png","type":"","width":"","height":""}],"twitter_card":"summary_large_image","twitter_misc":{"Est. reading time":"2 minutes"},"schema":{"@context":"https:\/\/schema.org","@graph":[{"@type":"WebPage","@id":"https:\/\/xn--caroline-perret-ditticienne-socb.fr\/?page_id=82","url":"https:\/\/xn--caroline-perret-ditticienne-socb.fr\/?page_id=82","name":"COURS et ATELIERS - caroline-perret-di\u00e9t\u00e9ticienne.fr","isPartOf":{"@id":"https:\/\/xn--caroline-perret-ditticienne-socb.fr\/#website"},"primaryImageOfPage":{"@id":"https:\/\/xn--caroline-perret-ditticienne-socb.fr\/?page_id=82#primaryimage"},"image":{"@id":"https:\/\/xn--caroline-perret-ditticienne-socb.fr\/?page_id=82#primaryimage"},"thumbnailUrl":"http:\/\/xn--caroline-perret-ditticienne-socb.fr\/wp-content\/uploads\/2025\/10\/6.png","datePublished":"2023-12-12T08:55:08+00:00","dateModified":"2025-10-17T12:24:31+00:00","breadcrumb":{"@id":"https:\/\/xn--caroline-perret-ditticienne-socb.fr\/?page_id=82#breadcrumb"},"inLanguage":"en-US","potentialAction":[{"@type":"ReadAction","target":["https:\/\/xn--caroline-perret-ditticienne-socb.fr\/?page_id=82"]}]},{"@type":"ImageObject","inLanguage":"en-US","@id":"https:\/\/xn--caroline-perret-ditticienne-socb.fr\/?page_id=82#primaryimage","url":"https:\/\/xn--caroline-perret-ditticienne-socb.fr\/wp-content\/uploads\/2025\/10\/6.png","contentUrl":"https:\/\/xn--caroline-perret-ditticienne-socb.fr\/wp-content\/uploads\/2025\/10\/6.png","width":851,"height":315},{"@type":"BreadcrumbList","@id":"https:\/\/xn--caroline-perret-ditticienne-socb.fr\/?page_id=82#breadcrumb","itemListElement":[{"@type":"ListItem","position":1,"name":"Accueil","item":"https:\/\/xn--caroline-perret-ditticienne-socb.fr\/"},{"@type":"ListItem","position":2,"name":"COURS et ATELIERS"}]},{"@type":"WebSite","@id":"https:\/\/xn--caroline-perret-ditticienne-socb.fr\/#website","url":"https:\/\/xn--caroline-perret-ditticienne-socb.fr\/","name":"caroline-perret-di\u00e9t\u00e9ticienne.fr","description":"","potentialAction":[{"@type":"SearchAction","target":{"@type":"EntryPoint","urlTemplate":"https:\/\/xn--caroline-perret-ditticienne-socb.fr\/?s={search_term_string}"},"query-input":{"@type":"PropertyValueSpecification","valueRequired":true,"valueName":"search_term_string"}}],"inLanguage":"en-US"}]}},"_links":{"self":[{"href":"https:\/\/xn--caroline-perret-ditticienne-socb.fr\/index.php?rest_route=\/wp\/v2\/pages\/82","targetHints":{"allow":["GET"]}}],"collection":[{"href":"https:\/\/xn--caroline-perret-ditticienne-socb.fr\/index.php?rest_route=\/wp\/v2\/pages"}],"about":[{"href":"https:\/\/xn--caroline-perret-ditticienne-socb.fr\/index.php?rest_route=\/wp\/v2\/types\/page"}],"author":[{"embeddable":true,"href":"https:\/\/xn--caroline-perret-ditticienne-socb.fr\/index.php?rest_route=\/wp\/v2\/users\/1"}],"replies":[{"embeddable":true,"href":"https:\/\/xn--caroline-perret-ditticienne-socb.fr\/index.php?rest_route=%2Fwp%2Fv2%2Fcomments&post=82"}],"version-history":[{"count":31,"href":"https:\/\/xn--caroline-perret-ditticienne-socb.fr\/index.php?rest_route=\/wp\/v2\/pages\/82\/revisions"}],"predecessor-version":[{"id":533,"href":"https:\/\/xn--caroline-perret-ditticienne-socb.fr\/index.php?rest_route=\/wp\/v2\/pages\/82\/revisions\/533"}],"wp:attachment":[{"href":"https:\/\/xn--caroline-perret-ditticienne-socb.fr\/index.php?rest_route=%2Fwp%2Fv2%2Fmedia&parent=82"}],"curies":[{"name":"wp","href":"https:\/\/api.w.org\/{rel}","templated":true}]}}