{"id":545,"date":"2025-11-14T05:43:00","date_gmt":"2025-11-14T04:43:00","guid":{"rendered":"https:\/\/xn--caroline-perret-ditticienne-socb.fr\/?page_id=545"},"modified":"2026-02-07T17:11:45","modified_gmt":"2026-02-07T16:11:45","slug":"nutritherapie","status":"publish","type":"page","link":"https:\/\/xn--caroline-perret-ditticienne-socb.fr\/?page_id=545","title":{"rendered":"Nutrith\u00e9rapie"},"content":{"rendered":"\t\t<div data-elementor-type=\"wp-page\" data-elementor-id=\"545\" class=\"elementor elementor-545\">\n\t\t\t\t<div class=\"elementor-element elementor-element-34000f7 e-flex e-con-boxed e-con e-parent\" data-id=\"34000f7\" data-element_type=\"container\" data-e-type=\"container\">\n\t\t\t\t\t<div class=\"e-con-inner\">\n\t\t\t\t<div class=\"elementor-element elementor-element-75777ae elementor-widget elementor-widget-image\" data-id=\"75777ae\" data-element_type=\"widget\" data-e-type=\"widget\" data-widget_type=\"image.default\">\n\t\t\t\t<div class=\"elementor-widget-container\">\n\t\t\t\t\t\t\t\t\t\t\t\t\t\t\t<img fetchpriority=\"high\" decoding=\"async\" width=\"851\" height=\"315\" src=\"https:\/\/xn--caroline-perret-ditticienne-socb.fr\/wp-content\/uploads\/2025\/11\/Photographie-Studio-Facebook-Couverture-3.png\" class=\"attachment-large size-large wp-image-547\" alt=\"\" srcset=\"https:\/\/xn--caroline-perret-ditticienne-socb.fr\/wp-content\/uploads\/2025\/11\/Photographie-Studio-Facebook-Couverture-3.png 851w, https:\/\/xn--caroline-perret-ditticienne-socb.fr\/wp-content\/uploads\/2025\/11\/Photographie-Studio-Facebook-Couverture-3-300x111.png 300w, https:\/\/xn--caroline-perret-ditticienne-socb.fr\/wp-content\/uploads\/2025\/11\/Photographie-Studio-Facebook-Couverture-3-768x284.png 768w\" sizes=\"(max-width: 851px) 100vw, 851px\" \/>\t\t\t\t\t\t\t\t\t\t\t\t\t\t\t<\/div>\n\t\t\t\t<\/div>\n\t\t\t\t\t<\/div>\n\t\t\t\t<\/div>\n\t\t<div class=\"elementor-element elementor-element-fd54f15 e-flex e-con-boxed e-con e-parent\" data-id=\"fd54f15\" data-element_type=\"container\" data-e-type=\"container\">\n\t\t\t\t\t<div class=\"e-con-inner\">\n\t\t\t\t<div class=\"elementor-element elementor-element-2799a5b elementor-widget elementor-widget-text-editor\" data-id=\"2799a5b\" data-element_type=\"widget\" data-e-type=\"widget\" data-widget_type=\"text-editor.default\">\n\t\t\t\t<div class=\"elementor-widget-container\">\n\t\t\t\t\t\t\t\t\t<p><strong>La nutrith\u00e9rapie est une approche cibl\u00e9e qui utilise les micronutriments pour optimiser le fonctionnement de l\u2019organisme, en pr\u00e9vention comme en soutien th\u00e9rapeutique.<\/strong> Elle s\u2019appuie sur une \u00e9valuation fine des besoins individuels pour corriger les carences, soutenir les fonctions vitales et renforcer les capacit\u00e9s d\u2019adaptation du corps.<\/p><div>\u00a0<\/div>\t\t\t\t\t\t\t\t<\/div>\n\t\t\t\t<\/div>\n\t\t\t\t\t<\/div>\n\t\t\t\t<\/div>\n\t\t<div class=\"elementor-element elementor-element-5f74621 e-flex e-con-boxed e-con e-parent\" data-id=\"5f74621\" data-element_type=\"container\" data-e-type=\"container\">\n\t\t\t\t\t<div class=\"e-con-inner\">\n\t\t\t\t<div class=\"elementor-element elementor-element-5443bc5 elementor-widget elementor-widget-heading\" data-id=\"5443bc5\" data-element_type=\"widget\" data-e-type=\"widget\" data-widget_type=\"heading.default\">\n\t\t\t\t<div class=\"elementor-widget-container\">\n\t\t\t\t\t<h2 class=\"elementor-heading-title elementor-size-default\">DANS QUELS CAS ?<\/h2>\t\t\t\t<\/div>\n\t\t\t\t<\/div>\n\t\t\t\t\t<\/div>\n\t\t\t\t<\/div>\n\t\t<div class=\"elementor-element elementor-element-174edb3 e-flex e-con-boxed e-con e-parent\" data-id=\"174edb3\" data-element_type=\"container\" data-e-type=\"container\">\n\t\t\t\t\t<div class=\"e-con-inner\">\n\t\t\t\t<div class=\"elementor-element elementor-element-00ab290 elementor-widget elementor-widget-text-editor\" data-id=\"00ab290\" data-element_type=\"widget\" data-e-type=\"widget\" data-widget_type=\"text-editor.default\">\n\t\t\t\t<div class=\"elementor-widget-container\">\n\t\t\t\t\t\t\t\t\t<p><strong>&nbsp;<\/strong><\/p>\n<p><strong>&nbsp; &nbsp; \u00c0 court terme<\/strong><b>, pour soutenir l\u2019organisme dans des p\u00e9riodes de stress ou de demande accrue :<\/b><\/p>\n<ul>\n<li>\n<p>Examens, surcharge mentale ou physique<\/p>\n<\/li>\n<li>\n<p>Convalescence, infections, fatigue passag\u00e8re<\/p>\n<\/li>\n<li>\n<p>Troubles du sommeil, baisse d\u2019immunit\u00e9, troubles digestifs ponctuels<\/p>\n<\/li>\n<\/ul>\n<p><strong>&nbsp; &nbsp; \u00c0 moyen ou long terme<\/strong><b>, pour accompagner des d\u00e9s\u00e9quilibres ou pathologies chroniques :<\/b><\/p>\n<ul>\n<li>\n<p>An\u00e9mie, carences en fer, magn\u00e9sium, vitamine D ou B12<\/p>\n<\/li>\n<li>\n<p>Troubles hormonaux (thyro\u00efde, syndrome pr\u00e9menstruel, m\u00e9nopause)<\/p>\n<\/li>\n<li>\n<p>Troubles m\u00e9taboliques (diab\u00e8te, surpoids, syndrome m\u00e9tabolique)<\/p>\n<\/li>\n<li>\n<p>Troubles neurocognitifs ou de l\u2019humeur (TDAH, anxi\u00e9t\u00e9, d\u00e9pression l\u00e9g\u00e8re)<\/p>\n<\/li>\n<li>\n<p>Troubles digestifs chroniques, d\u00e9s\u00e9quilibres du microbiote<\/p>\n<\/li>\n<\/ul>\n<div>&nbsp;<\/div>\t\t\t\t\t\t\t\t<\/div>\n\t\t\t\t<\/div>\n\t\t\t\t\t<\/div>\n\t\t\t\t<\/div>\n\t\t<div class=\"elementor-element elementor-element-81ff6a2 e-flex e-con-boxed e-con e-parent\" data-id=\"81ff6a2\" data-element_type=\"container\" data-e-type=\"container\">\n\t\t\t\t\t<div class=\"e-con-inner\">\n\t\t\t\t<div class=\"elementor-element elementor-element-5d4ccf0 elementor-widget elementor-widget-text-editor\" data-id=\"5d4ccf0\" data-element_type=\"widget\" data-e-type=\"widget\" data-widget_type=\"text-editor.default\">\n\t\t\t\t<div class=\"elementor-widget-container\">\n\t\t\t\t\t\t\t\t\t<p>Les compl\u00e9ments peuvent \u00eatre utiles <strong>en soutien cibl\u00e9<\/strong>, mais<b> toujours dans une d\u00e9marche globale <\/b>: alimentation, hygi\u00e8ne de vie, \u00e9coute du corps. Ils doivent \u00eatre<b> choisis avec discernement<\/b>, en fonction des besoins r\u00e9els, des bilans biologiques si n\u00e9cessaire, et des interactions possibles.<\/p>\t\t\t\t\t\t\t\t<\/div>\n\t\t\t\t<\/div>\n\t\t\t\t\t<\/div>\n\t\t\t\t<\/div>\n\t\t<div class=\"elementor-element elementor-element-5b7b72f e-flex e-con-boxed e-con e-parent\" data-id=\"5b7b72f\" data-element_type=\"container\" data-e-type=\"container\">\n\t\t\t\t\t<div class=\"e-con-inner\">\n\t\t\t\t<div class=\"elementor-element elementor-element-1e80bd2 elementor-align-center elementor-widget elementor-widget-button\" data-id=\"1e80bd2\" data-element_type=\"widget\" data-e-type=\"widget\" data-widget_type=\"button.default\">\n\t\t\t\t<div class=\"elementor-widget-container\">\n\t\t\t\t\t\t\t\t\t<div class=\"elementor-button-wrapper\">\n\t\t\t\t\t<a class=\"elementor-button elementor-button-link elementor-size-sm\" href=\"https:\/\/xn--caroline-perret-ditticienne-socb.fr\/?page_id=52\">\n\t\t\t\t\t\t<span class=\"elementor-button-content-wrapper\">\n\t\t\t\t\t\t\t\t\t<span class=\"elementor-button-text\">Prendre Rendez Vous<\/span>\n\t\t\t\t\t<\/span>\n\t\t\t\t\t<\/a>\n\t\t\t\t<\/div>\n\t\t\t\t\t\t\t\t<\/div>\n\t\t\t\t<\/div>\n\t\t\t\t\t<\/div>\n\t\t\t\t<\/div>\n\t\t\t\t<\/div>\n\t\t","protected":false},"excerpt":{"rendered":"<p>La nutrith\u00e9rapie est une approche cibl\u00e9e qui utilise les micronutriments pour optimiser le fonctionnement de l\u2019organisme, en pr\u00e9vention comme en soutien th\u00e9rapeutique. Elle s\u2019appuie sur une \u00e9valuation fine des besoins individuels pour corriger les carences, soutenir les fonctions vitales et renforcer les capacit\u00e9s d\u2019adaptation du corps. \u00a0 DANS QUELS CAS ? &nbsp; &nbsp; &nbsp; \u00c0&hellip; <br \/> <a class=\"read-more\" href=\"https:\/\/xn--caroline-perret-ditticienne-socb.fr\/?page_id=545\">Read more<\/a><\/p>\n","protected":false},"author":1,"featured_media":0,"parent":0,"menu_order":0,"comment_status":"closed","ping_status":"closed","template":"","meta":{"om_disable_all_campaigns":false,"_monsterinsights_skip_tracking":false,"_monsterinsights_sitenote_active":false,"_monsterinsights_sitenote_note":"","_monsterinsights_sitenote_category":0,"footnotes":""},"class_list":["post-545","page","type-page","status-publish","hentry"],"yoast_head":"<!-- This site is optimized with the Yoast SEO plugin v27.1.1 - https:\/\/yoast.com\/product\/yoast-seo-wordpress\/ -->\n<title>Nutrith\u00e9rapie - caroline-perret-di\u00e9t\u00e9ticienne.fr<\/title>\n<meta name=\"robots\" content=\"index, follow, max-snippet:-1, max-image-preview:large, max-video-preview:-1\" \/>\n<link rel=\"canonical\" href=\"https:\/\/xn--caroline-perret-ditticienne-socb.fr\/?page_id=545\" \/>\n<meta property=\"og:locale\" content=\"en_US\" \/>\n<meta property=\"og:type\" content=\"article\" \/>\n<meta property=\"og:title\" content=\"Nutrith\u00e9rapie - caroline-perret-di\u00e9t\u00e9ticienne.fr\" \/>\n<meta property=\"og:description\" content=\"La nutrith\u00e9rapie est une approche cibl\u00e9e qui utilise les micronutriments pour optimiser le fonctionnement de l\u2019organisme, en pr\u00e9vention comme en soutien th\u00e9rapeutique. Elle s\u2019appuie sur une \u00e9valuation fine des besoins individuels pour corriger les carences, soutenir les fonctions vitales et renforcer les capacit\u00e9s d\u2019adaptation du corps. \u00a0 DANS QUELS CAS ? &nbsp; &nbsp; &nbsp; \u00c0&hellip; Read more\" \/>\n<meta property=\"og:url\" content=\"https:\/\/xn--caroline-perret-ditticienne-socb.fr\/?page_id=545\" \/>\n<meta property=\"og:site_name\" content=\"caroline-perret-di\u00e9t\u00e9ticienne.fr\" \/>\n<meta property=\"article:modified_time\" content=\"2026-02-07T16:11:45+00:00\" \/>\n<meta property=\"og:image\" content=\"http:\/\/xn--caroline-perret-ditticienne-socb.fr\/wp-content\/uploads\/2025\/11\/Photographie-Studio-Facebook-Couverture-3.png\" \/>\n<meta name=\"twitter:card\" content=\"summary_large_image\" \/>\n<meta name=\"twitter:label1\" content=\"Est. reading time\" \/>\n\t<meta name=\"twitter:data1\" content=\"1 minute\" \/>\n<script type=\"application\/ld+json\" class=\"yoast-schema-graph\">{\"@context\":\"https:\/\/schema.org\",\"@graph\":[{\"@type\":\"WebPage\",\"@id\":\"https:\/\/xn--caroline-perret-ditticienne-socb.fr\/?page_id=545\",\"url\":\"https:\/\/xn--caroline-perret-ditticienne-socb.fr\/?page_id=545\",\"name\":\"Nutrith\u00e9rapie - caroline-perret-di\u00e9t\u00e9ticienne.fr\",\"isPartOf\":{\"@id\":\"https:\/\/xn--caroline-perret-ditticienne-socb.fr\/#website\"},\"primaryImageOfPage\":{\"@id\":\"https:\/\/xn--caroline-perret-ditticienne-socb.fr\/?page_id=545#primaryimage\"},\"image\":{\"@id\":\"https:\/\/xn--caroline-perret-ditticienne-socb.fr\/?page_id=545#primaryimage\"},\"thumbnailUrl\":\"http:\/\/xn--caroline-perret-ditticienne-socb.fr\/wp-content\/uploads\/2025\/11\/Photographie-Studio-Facebook-Couverture-3.png\",\"datePublished\":\"2025-11-14T04:43:00+00:00\",\"dateModified\":\"2026-02-07T16:11:45+00:00\",\"breadcrumb\":{\"@id\":\"https:\/\/xn--caroline-perret-ditticienne-socb.fr\/?page_id=545#breadcrumb\"},\"inLanguage\":\"en-US\",\"potentialAction\":[{\"@type\":\"ReadAction\",\"target\":[\"https:\/\/xn--caroline-perret-ditticienne-socb.fr\/?page_id=545\"]}]},{\"@type\":\"ImageObject\",\"inLanguage\":\"en-US\",\"@id\":\"https:\/\/xn--caroline-perret-ditticienne-socb.fr\/?page_id=545#primaryimage\",\"url\":\"http:\/\/xn--caroline-perret-ditticienne-socb.fr\/wp-content\/uploads\/2025\/11\/Photographie-Studio-Facebook-Couverture-3.png\",\"contentUrl\":\"http:\/\/xn--caroline-perret-ditticienne-socb.fr\/wp-content\/uploads\/2025\/11\/Photographie-Studio-Facebook-Couverture-3.png\"},{\"@type\":\"BreadcrumbList\",\"@id\":\"https:\/\/xn--caroline-perret-ditticienne-socb.fr\/?page_id=545#breadcrumb\",\"itemListElement\":[{\"@type\":\"ListItem\",\"position\":1,\"name\":\"Accueil\",\"item\":\"https:\/\/xn--caroline-perret-ditticienne-socb.fr\/\"},{\"@type\":\"ListItem\",\"position\":2,\"name\":\"Nutrith\u00e9rapie\"}]},{\"@type\":\"WebSite\",\"@id\":\"https:\/\/xn--caroline-perret-ditticienne-socb.fr\/#website\",\"url\":\"https:\/\/xn--caroline-perret-ditticienne-socb.fr\/\",\"name\":\"caroline-perret-di\u00e9t\u00e9ticienne.fr\",\"description\":\"\",\"potentialAction\":[{\"@type\":\"SearchAction\",\"target\":{\"@type\":\"EntryPoint\",\"urlTemplate\":\"https:\/\/xn--caroline-perret-ditticienne-socb.fr\/?s={search_term_string}\"},\"query-input\":{\"@type\":\"PropertyValueSpecification\",\"valueRequired\":true,\"valueName\":\"search_term_string\"}}],\"inLanguage\":\"en-US\"}]}<\/script>\n<!-- \/ Yoast SEO plugin. -->","yoast_head_json":{"title":"Nutrith\u00e9rapie - caroline-perret-di\u00e9t\u00e9ticienne.fr","robots":{"index":"index","follow":"follow","max-snippet":"max-snippet:-1","max-image-preview":"max-image-preview:large","max-video-preview":"max-video-preview:-1"},"canonical":"https:\/\/xn--caroline-perret-ditticienne-socb.fr\/?page_id=545","og_locale":"en_US","og_type":"article","og_title":"Nutrith\u00e9rapie - caroline-perret-di\u00e9t\u00e9ticienne.fr","og_description":"La nutrith\u00e9rapie est une approche cibl\u00e9e qui utilise les micronutriments pour optimiser le fonctionnement de l\u2019organisme, en pr\u00e9vention comme en soutien th\u00e9rapeutique. Elle s\u2019appuie sur une \u00e9valuation fine des besoins individuels pour corriger les carences, soutenir les fonctions vitales et renforcer les capacit\u00e9s d\u2019adaptation du corps. \u00a0 DANS QUELS CAS ? &nbsp; &nbsp; &nbsp; \u00c0&hellip; Read more","og_url":"https:\/\/xn--caroline-perret-ditticienne-socb.fr\/?page_id=545","og_site_name":"caroline-perret-di\u00e9t\u00e9ticienne.fr","article_modified_time":"2026-02-07T16:11:45+00:00","og_image":[{"url":"http:\/\/xn--caroline-perret-ditticienne-socb.fr\/wp-content\/uploads\/2025\/11\/Photographie-Studio-Facebook-Couverture-3.png","type":"","width":"","height":""}],"twitter_card":"summary_large_image","twitter_misc":{"Est. reading time":"1 minute"},"schema":{"@context":"https:\/\/schema.org","@graph":[{"@type":"WebPage","@id":"https:\/\/xn--caroline-perret-ditticienne-socb.fr\/?page_id=545","url":"https:\/\/xn--caroline-perret-ditticienne-socb.fr\/?page_id=545","name":"Nutrith\u00e9rapie - caroline-perret-di\u00e9t\u00e9ticienne.fr","isPartOf":{"@id":"https:\/\/xn--caroline-perret-ditticienne-socb.fr\/#website"},"primaryImageOfPage":{"@id":"https:\/\/xn--caroline-perret-ditticienne-socb.fr\/?page_id=545#primaryimage"},"image":{"@id":"https:\/\/xn--caroline-perret-ditticienne-socb.fr\/?page_id=545#primaryimage"},"thumbnailUrl":"http:\/\/xn--caroline-perret-ditticienne-socb.fr\/wp-content\/uploads\/2025\/11\/Photographie-Studio-Facebook-Couverture-3.png","datePublished":"2025-11-14T04:43:00+00:00","dateModified":"2026-02-07T16:11:45+00:00","breadcrumb":{"@id":"https:\/\/xn--caroline-perret-ditticienne-socb.fr\/?page_id=545#breadcrumb"},"inLanguage":"en-US","potentialAction":[{"@type":"ReadAction","target":["https:\/\/xn--caroline-perret-ditticienne-socb.fr\/?page_id=545"]}]},{"@type":"ImageObject","inLanguage":"en-US","@id":"https:\/\/xn--caroline-perret-ditticienne-socb.fr\/?page_id=545#primaryimage","url":"http:\/\/xn--caroline-perret-ditticienne-socb.fr\/wp-content\/uploads\/2025\/11\/Photographie-Studio-Facebook-Couverture-3.png","contentUrl":"http:\/\/xn--caroline-perret-ditticienne-socb.fr\/wp-content\/uploads\/2025\/11\/Photographie-Studio-Facebook-Couverture-3.png"},{"@type":"BreadcrumbList","@id":"https:\/\/xn--caroline-perret-ditticienne-socb.fr\/?page_id=545#breadcrumb","itemListElement":[{"@type":"ListItem","position":1,"name":"Accueil","item":"https:\/\/xn--caroline-perret-ditticienne-socb.fr\/"},{"@type":"ListItem","position":2,"name":"Nutrith\u00e9rapie"}]},{"@type":"WebSite","@id":"https:\/\/xn--caroline-perret-ditticienne-socb.fr\/#website","url":"https:\/\/xn--caroline-perret-ditticienne-socb.fr\/","name":"caroline-perret-di\u00e9t\u00e9ticienne.fr","description":"","potentialAction":[{"@type":"SearchAction","target":{"@type":"EntryPoint","urlTemplate":"https:\/\/xn--caroline-perret-ditticienne-socb.fr\/?s={search_term_string}"},"query-input":{"@type":"PropertyValueSpecification","valueRequired":true,"valueName":"search_term_string"}}],"inLanguage":"en-US"}]}},"_links":{"self":[{"href":"https:\/\/xn--caroline-perret-ditticienne-socb.fr\/index.php?rest_route=\/wp\/v2\/pages\/545","targetHints":{"allow":["GET"]}}],"collection":[{"href":"https:\/\/xn--caroline-perret-ditticienne-socb.fr\/index.php?rest_route=\/wp\/v2\/pages"}],"about":[{"href":"https:\/\/xn--caroline-perret-ditticienne-socb.fr\/index.php?rest_route=\/wp\/v2\/types\/page"}],"author":[{"embeddable":true,"href":"https:\/\/xn--caroline-perret-ditticienne-socb.fr\/index.php?rest_route=\/wp\/v2\/users\/1"}],"replies":[{"embeddable":true,"href":"https:\/\/xn--caroline-perret-ditticienne-socb.fr\/index.php?rest_route=%2Fwp%2Fv2%2Fcomments&post=545"}],"version-history":[{"count":12,"href":"https:\/\/xn--caroline-perret-ditticienne-socb.fr\/index.php?rest_route=\/wp\/v2\/pages\/545\/revisions"}],"predecessor-version":[{"id":605,"href":"https:\/\/xn--caroline-perret-ditticienne-socb.fr\/index.php?rest_route=\/wp\/v2\/pages\/545\/revisions\/605"}],"wp:attachment":[{"href":"https:\/\/xn--caroline-perret-ditticienne-socb.fr\/index.php?rest_route=%2Fwp%2Fv2%2Fmedia&parent=545"}],"curies":[{"name":"wp","href":"https:\/\/api.w.org\/{rel}","templated":true}]}}