{"id":523,"date":"2025-10-17T14:04:50","date_gmt":"2025-10-17T12:04:50","guid":{"rendered":"https:\/\/xn--caroline-perret-ditticienne-socb.fr\/?page_id=523"},"modified":"2026-02-07T18:07:50","modified_gmt":"2026-02-07T17:07:50","slug":"a-propos","status":"publish","type":"page","link":"https:\/\/xn--caroline-perret-ditticienne-socb.fr\/?page_id=523","title":{"rendered":"\u00e0 propos"},"content":{"rendered":"\t\t<div data-elementor-type=\"wp-page\" data-elementor-id=\"523\" class=\"elementor elementor-523\">\n\t\t\t\t<div class=\"elementor-element elementor-element-8593b05 e-flex e-con-boxed e-con e-parent\" data-id=\"8593b05\" data-element_type=\"container\" data-e-type=\"container\">\n\t\t\t\t\t<div class=\"e-con-inner\">\n\t\t<div class=\"elementor-element elementor-element-7470529 e-con-full e-flex e-con e-child\" data-id=\"7470529\" data-element_type=\"container\" data-e-type=\"container\">\n\t\t\t\t<div class=\"elementor-element elementor-element-b6691bb elementor-widget elementor-widget-image\" data-id=\"b6691bb\" data-element_type=\"widget\" data-e-type=\"widget\" data-widget_type=\"image.default\">\n\t\t\t\t<div class=\"elementor-widget-container\">\n\t\t\t\t\t\t\t\t\t\t\t\t\t\t\t<img fetchpriority=\"high\" decoding=\"async\" width=\"819\" height=\"1024\" src=\"https:\/\/xn--caroline-perret-ditticienne-socb.fr\/wp-content\/uploads\/2025\/08\/Titre-1-819x1024.png\" class=\"attachment-large size-large wp-image-367\" alt=\"\" srcset=\"https:\/\/xn--caroline-perret-ditticienne-socb.fr\/wp-content\/uploads\/2025\/08\/Titre-1-819x1024.png 819w, https:\/\/xn--caroline-perret-ditticienne-socb.fr\/wp-content\/uploads\/2025\/08\/Titre-1-240x300.png 240w, https:\/\/xn--caroline-perret-ditticienne-socb.fr\/wp-content\/uploads\/2025\/08\/Titre-1-768x960.png 768w, https:\/\/xn--caroline-perret-ditticienne-socb.fr\/wp-content\/uploads\/2025\/08\/Titre-1-1024x1280.png 1024w, https:\/\/xn--caroline-perret-ditticienne-socb.fr\/wp-content\/uploads\/2025\/08\/Titre-1-864x1080.png 864w, https:\/\/xn--caroline-perret-ditticienne-socb.fr\/wp-content\/uploads\/2025\/08\/Titre-1.png 1080w\" sizes=\"(max-width: 819px) 100vw, 819px\" \/>\t\t\t\t\t\t\t\t\t\t\t\t\t\t\t<\/div>\n\t\t\t\t<\/div>\n\t\t\t\t<\/div>\n\t\t<div class=\"elementor-element elementor-element-2d23d18 e-con-full e-flex e-con e-child\" data-id=\"2d23d18\" data-element_type=\"container\" data-e-type=\"container\">\n\t\t\t\t<div class=\"elementor-element elementor-element-e699002 elementor-widget elementor-widget-text-editor\" data-id=\"e699002\" data-element_type=\"widget\" data-e-type=\"widget\" data-widget_type=\"text-editor.default\">\n\t\t\t\t<div class=\"elementor-widget-container\">\n\t\t\t\t\t\t\t\t\t<p><b>Dipl\u00f4m\u00e9e en Biochimie &#8211; G\u00e9nie biologique, option Di\u00e9t\u00e9tique depuis 2006, Sp\u00e9cialis\u00e9e dans les Troubles des Conduites Alimentaires et en Psychologie de l&#8217;Alimentation<\/b>, m\u00e8re de quatre enfants, j\u2019accompagne principalement des femmes pour qui l\u2019alimentation est devenue une source de tension, de fatigue ou de lutte int\u00e9rieure.<\/p>\n<div dir=\"auto\"><b>Mon approche s\u2019appuie sur la di\u00e9t\u00e9tique, la nutrition, la psychonutrition et la nutrith\u00e9rapie<\/b>, avec une conviction forte :<\/div>\n<div dir=\"auto\">&nbsp;<\/div>\n<div dir=\"auto\"><b>le corps n\u2019est pas un probl\u00e8me \u00e0 corriger, mais un syst\u00e8me \u00e0 comprendre et \u00e0 soutenir.<\/b><\/div>\t\t\t\t\t\t\t\t<\/div>\n\t\t\t\t<\/div>\n\t\t\t\t<\/div>\n\t\t\t\t\t<\/div>\n\t\t\t\t<\/div>\n\t\t<div class=\"elementor-element elementor-element-b468e12 e-flex e-con-boxed e-con e-parent\" data-id=\"b468e12\" data-element_type=\"container\" data-e-type=\"container\">\n\t\t\t\t\t<div class=\"e-con-inner\">\n\t\t\t\t<div class=\"elementor-element elementor-element-0fb893b elementor-widget elementor-widget-text-editor\" data-id=\"0fb893b\" data-element_type=\"widget\" data-e-type=\"widget\" data-widget_type=\"text-editor.default\">\n\t\t\t\t<div class=\"elementor-widget-container\">\n\t\t\t\t\t\t\t\t\t<div dir=\"auto\">Au fil des ann\u00e9es, <strong>j\u2019ai vu d\u00e9filer des personnes comp\u00e9tentes, inform\u00e9es, engag\u00e9es<\/strong>\u2026 et pourtant<strong> \u00e9puis\u00e9es par des tentatives r\u00e9p\u00e9t\u00e9es de contr\u00f4le alimentaire.<\/strong><\/div>\n<div dir=\"auto\">&nbsp;<\/div>\n<div dir=\"auto\">Des personnes qui faisaient <strong>\u00ab tout bien \u00bb<\/strong>, mais dont<strong> le corps r\u00e9sistait, ralentissait, se d\u00e9r\u00e9gulait.<\/strong><\/div>\n<div dir=\"auto\">&nbsp;<\/div>\n<div dir=\"auto\">Ce constat a profond\u00e9ment orient\u00e9 ma pratique :<\/div>\n<div dir=\"auto\"><strong>le probl\u00e8me n\u2019est pas le manque de volont\u00e9, mais une approche trop r\u00e9ductrice de la sant\u00e9.<\/strong> Le corps ne peut \u00eatre r\u00e9duit \u00e0 des chiffres.<\/div>\n<div dir=\"auto\">&nbsp;<\/div>\n<div dir=\"auto\">Je travaille avec la physiologie, le contexte de vie, l\u2019histoire alimentaire et \u00e9motionnelle.<\/div>\n<div dir=\"auto\">&nbsp;<\/div>\n<div dir=\"auto\"><strong>Sans plan rigide.<\/strong><\/div>\n<div dir=\"auto\"><strong>Sans injonction.<\/strong><\/div>\n<div dir=\"auto\"><strong>Sans objectif esth\u00e9tique impos\u00e9.<\/strong><\/div>\n<div dir=\"auto\">&nbsp;<\/div>\n<div dir=\"auto\">Chaque accompagnement est individualis\u00e9, p\u00e9dagogique et respectueux du rythme de chaque personne.&nbsp;<\/div>\t\t\t\t\t\t\t\t<\/div>\n\t\t\t\t<\/div>\n\t\t\t\t\t<\/div>\n\t\t\t\t<\/div>\n\t\t<div class=\"elementor-element elementor-element-20313b5 e-flex e-con-boxed e-con e-parent\" data-id=\"20313b5\" data-element_type=\"container\" data-e-type=\"container\">\n\t\t\t\t\t<div class=\"e-con-inner\">\n\t\t\t\t<div class=\"elementor-element elementor-element-ec71c1b elementor-widget elementor-widget-heading\" data-id=\"ec71c1b\" data-element_type=\"widget\" data-e-type=\"widget\" data-widget_type=\"heading.default\">\n\t\t\t\t<div class=\"elementor-widget-container\">\n\t\t\t\t\t<h2 class=\"elementor-heading-title elementor-size-default\">MON MANIFESTE<\/h2>\t\t\t\t<\/div>\n\t\t\t\t<\/div>\n\t\t\t\t\t<\/div>\n\t\t\t\t<\/div>\n\t\t<div class=\"elementor-element elementor-element-a569dec e-flex e-con-boxed e-con e-parent\" data-id=\"a569dec\" data-element_type=\"container\" data-e-type=\"container\">\n\t\t\t\t\t<div class=\"e-con-inner\">\n\t\t\t\t<div class=\"elementor-element elementor-element-3b0a442 elementor-widget elementor-widget-text-editor\" data-id=\"3b0a442\" data-element_type=\"widget\" data-e-type=\"widget\" data-widget_type=\"text-editor.default\">\n\t\t\t\t<div class=\"elementor-widget-container\">\n\t\t\t\t\t\t\t\t\t<div dir=\"auto\">Je ne crois pas \u00e0 la di\u00e9t\u00e9tique de la restriction.<\/div>\n<div dir=\"auto\">\n<p>Je crois \u00e0 une alimentation qui soutient la vie.<\/p>\n<p><br><\/p>\n<\/div>\n<div dir=\"auto\">Je ne crois pas que le poids soit un indicateur suffisant de sant\u00e9.<\/div>\n<div dir=\"auto\">\n<p>Je crois en la vitalit\u00e9, la stabilit\u00e9 \u00e9motionnelle, la clart\u00e9 mentale, l\u2019\u00e9nergie au quotidien.<\/p>\n<p><br><\/p>\n<\/div>\n<div dir=\"auto\">La perte de poids peut parfois \u00eatre un enjeu m\u00e9dical.<\/div>\n<div dir=\"auto\">\n<p>Mais elle ne doit jamais devenir une injonction universelle.<\/p>\n<p><br><\/p>\n<\/div>\n<div dir=\"auto\">\n<p><b>Nous n\u2019avons qu\u2019un seul corps. Et il m\u00e9rite d\u2019\u00eatre nourri, pas contr\u00f4l\u00e9.<\/b><\/p>\n<p><br><\/p>\n<\/div>\n<div dir=\"auto\">Si vous cherchez \u00e0 mieux comprendre votre corps, \u00e0 apaiser votre relation \u00e0 l\u2019alimentation, ou \u00e0 soutenir votre sant\u00e9 de mani\u00e8re globale et durable,<\/div>\n<div dir=\"auto\">&nbsp;<\/div>\n<div dir=\"auto\">alors <b>vous \u00eates au bon endroit.<\/b><\/div>\t\t\t\t\t\t\t\t<\/div>\n\t\t\t\t<\/div>\n\t\t\t\t\t<\/div>\n\t\t\t\t<\/div>\n\t\t<div class=\"elementor-element elementor-element-d65fc69 e-flex e-con-boxed e-con e-parent\" data-id=\"d65fc69\" data-element_type=\"container\" data-e-type=\"container\">\n\t\t\t\t\t<div class=\"e-con-inner\">\n\t\t<div class=\"elementor-element elementor-element-3c7173d e-con-full e-flex e-con e-child\" data-id=\"3c7173d\" data-element_type=\"container\" data-e-type=\"container\">\n\t\t\t\t<\/div>\n\t\t<div class=\"elementor-element elementor-element-d0a8031 e-con-full e-flex e-con e-child\" data-id=\"d0a8031\" data-element_type=\"container\" data-e-type=\"container\">\n\t\t\t\t<div class=\"elementor-element elementor-element-d6446a7 elementor-widget elementor-widget-image\" data-id=\"d6446a7\" data-element_type=\"widget\" data-e-type=\"widget\" data-widget_type=\"image.default\">\n\t\t\t\t<div class=\"elementor-widget-container\">\n\t\t\t\t\t\t\t\t\t\t\t\t\t\t\t<img decoding=\"async\" width=\"250\" height=\"145\" src=\"https:\/\/xn--caroline-perret-ditticienne-socb.fr\/wp-content\/uploads\/2025\/08\/Caroline-Perret-e1755956120335.png\" class=\"attachment-large size-large wp-image-370\" alt=\"\" \/>\t\t\t\t\t\t\t\t\t\t\t\t\t\t\t<\/div>\n\t\t\t\t<\/div>\n\t\t\t\t<\/div>\n\t\t\t\t\t<\/div>\n\t\t\t\t<\/div>\n\t\t\t\t<\/div>\n\t\t","protected":false},"excerpt":{"rendered":"<p>Dipl\u00f4m\u00e9e en Biochimie &#8211; G\u00e9nie biologique, option Di\u00e9t\u00e9tique depuis 2006, Sp\u00e9cialis\u00e9e dans les Troubles des Conduites Alimentaires et en Psychologie de l&#8217;Alimentation, m\u00e8re de quatre enfants, j\u2019accompagne principalement des femmes pour qui l\u2019alimentation est devenue une source de tension, de fatigue ou de lutte int\u00e9rieure. Mon approche s\u2019appuie sur la di\u00e9t\u00e9tique, la nutrition, la psychonutrition&hellip; <br \/> <a class=\"read-more\" href=\"https:\/\/xn--caroline-perret-ditticienne-socb.fr\/?page_id=523\">Read more<\/a><\/p>\n","protected":false},"author":1,"featured_media":0,"parent":0,"menu_order":0,"comment_status":"closed","ping_status":"closed","template":"","meta":{"om_disable_all_campaigns":false,"_monsterinsights_skip_tracking":false,"_monsterinsights_sitenote_active":false,"_monsterinsights_sitenote_note":"","_monsterinsights_sitenote_category":0,"footnotes":""},"class_list":["post-523","page","type-page","status-publish","hentry"],"yoast_head":"<!-- This site is optimized with the Yoast SEO plugin v27.1.1 - https:\/\/yoast.com\/product\/yoast-seo-wordpress\/ -->\n<title>\u00e0 propos - caroline-perret-di\u00e9t\u00e9ticienne.fr<\/title>\n<meta name=\"robots\" content=\"index, follow, max-snippet:-1, max-image-preview:large, max-video-preview:-1\" \/>\n<link rel=\"canonical\" href=\"https:\/\/xn--caroline-perret-ditticienne-socb.fr\/?page_id=523\" \/>\n<meta property=\"og:locale\" content=\"en_US\" \/>\n<meta property=\"og:type\" content=\"article\" \/>\n<meta property=\"og:title\" content=\"\u00e0 propos - caroline-perret-di\u00e9t\u00e9ticienne.fr\" \/>\n<meta property=\"og:description\" content=\"Dipl\u00f4m\u00e9e en Biochimie &#8211; G\u00e9nie biologique, option Di\u00e9t\u00e9tique depuis 2006, Sp\u00e9cialis\u00e9e dans les Troubles des Conduites Alimentaires et en Psychologie de l&#8217;Alimentation, m\u00e8re de quatre enfants, j\u2019accompagne principalement des femmes pour qui l\u2019alimentation est devenue une source de tension, de fatigue ou de lutte int\u00e9rieure. Mon approche s\u2019appuie sur la di\u00e9t\u00e9tique, la nutrition, la psychonutrition&hellip; Read more\" \/>\n<meta property=\"og:url\" content=\"https:\/\/xn--caroline-perret-ditticienne-socb.fr\/?page_id=523\" \/>\n<meta property=\"og:site_name\" content=\"caroline-perret-di\u00e9t\u00e9ticienne.fr\" \/>\n<meta property=\"article:modified_time\" content=\"2026-02-07T17:07:50+00:00\" \/>\n<meta property=\"og:image\" content=\"http:\/\/xn--caroline-perret-ditticienne-socb.fr\/wp-content\/uploads\/2025\/08\/Titre-1-819x1024.png\" \/>\n<meta name=\"twitter:card\" content=\"summary_large_image\" \/>\n<meta name=\"twitter:label1\" content=\"Est. reading time\" \/>\n\t<meta name=\"twitter:data1\" content=\"2 minutes\" \/>\n<script type=\"application\/ld+json\" class=\"yoast-schema-graph\">{\"@context\":\"https:\/\/schema.org\",\"@graph\":[{\"@type\":\"WebPage\",\"@id\":\"https:\/\/xn--caroline-perret-ditticienne-socb.fr\/?page_id=523\",\"url\":\"https:\/\/xn--caroline-perret-ditticienne-socb.fr\/?page_id=523\",\"name\":\"\u00e0 propos - caroline-perret-di\u00e9t\u00e9ticienne.fr\",\"isPartOf\":{\"@id\":\"https:\/\/xn--caroline-perret-ditticienne-socb.fr\/#website\"},\"primaryImageOfPage\":{\"@id\":\"https:\/\/xn--caroline-perret-ditticienne-socb.fr\/?page_id=523#primaryimage\"},\"image\":{\"@id\":\"https:\/\/xn--caroline-perret-ditticienne-socb.fr\/?page_id=523#primaryimage\"},\"thumbnailUrl\":\"http:\/\/xn--caroline-perret-ditticienne-socb.fr\/wp-content\/uploads\/2025\/08\/Titre-1-819x1024.png\",\"datePublished\":\"2025-10-17T12:04:50+00:00\",\"dateModified\":\"2026-02-07T17:07:50+00:00\",\"breadcrumb\":{\"@id\":\"https:\/\/xn--caroline-perret-ditticienne-socb.fr\/?page_id=523#breadcrumb\"},\"inLanguage\":\"en-US\",\"potentialAction\":[{\"@type\":\"ReadAction\",\"target\":[\"https:\/\/xn--caroline-perret-ditticienne-socb.fr\/?page_id=523\"]}]},{\"@type\":\"ImageObject\",\"inLanguage\":\"en-US\",\"@id\":\"https:\/\/xn--caroline-perret-ditticienne-socb.fr\/?page_id=523#primaryimage\",\"url\":\"http:\/\/xn--caroline-perret-ditticienne-socb.fr\/wp-content\/uploads\/2025\/08\/Titre-1-819x1024.png\",\"contentUrl\":\"http:\/\/xn--caroline-perret-ditticienne-socb.fr\/wp-content\/uploads\/2025\/08\/Titre-1-819x1024.png\"},{\"@type\":\"BreadcrumbList\",\"@id\":\"https:\/\/xn--caroline-perret-ditticienne-socb.fr\/?page_id=523#breadcrumb\",\"itemListElement\":[{\"@type\":\"ListItem\",\"position\":1,\"name\":\"Accueil\",\"item\":\"https:\/\/xn--caroline-perret-ditticienne-socb.fr\/\"},{\"@type\":\"ListItem\",\"position\":2,\"name\":\"\u00e0 propos\"}]},{\"@type\":\"WebSite\",\"@id\":\"https:\/\/xn--caroline-perret-ditticienne-socb.fr\/#website\",\"url\":\"https:\/\/xn--caroline-perret-ditticienne-socb.fr\/\",\"name\":\"caroline-perret-di\u00e9t\u00e9ticienne.fr\",\"description\":\"\",\"potentialAction\":[{\"@type\":\"SearchAction\",\"target\":{\"@type\":\"EntryPoint\",\"urlTemplate\":\"https:\/\/xn--caroline-perret-ditticienne-socb.fr\/?s={search_term_string}\"},\"query-input\":{\"@type\":\"PropertyValueSpecification\",\"valueRequired\":true,\"valueName\":\"search_term_string\"}}],\"inLanguage\":\"en-US\"}]}<\/script>\n<!-- \/ Yoast SEO plugin. -->","yoast_head_json":{"title":"\u00e0 propos - caroline-perret-di\u00e9t\u00e9ticienne.fr","robots":{"index":"index","follow":"follow","max-snippet":"max-snippet:-1","max-image-preview":"max-image-preview:large","max-video-preview":"max-video-preview:-1"},"canonical":"https:\/\/xn--caroline-perret-ditticienne-socb.fr\/?page_id=523","og_locale":"en_US","og_type":"article","og_title":"\u00e0 propos - caroline-perret-di\u00e9t\u00e9ticienne.fr","og_description":"Dipl\u00f4m\u00e9e en Biochimie &#8211; G\u00e9nie biologique, option Di\u00e9t\u00e9tique depuis 2006, Sp\u00e9cialis\u00e9e dans les Troubles des Conduites Alimentaires et en Psychologie de l&#8217;Alimentation, m\u00e8re de quatre enfants, j\u2019accompagne principalement des femmes pour qui l\u2019alimentation est devenue une source de tension, de fatigue ou de lutte int\u00e9rieure. Mon approche s\u2019appuie sur la di\u00e9t\u00e9tique, la nutrition, la psychonutrition&hellip; Read more","og_url":"https:\/\/xn--caroline-perret-ditticienne-socb.fr\/?page_id=523","og_site_name":"caroline-perret-di\u00e9t\u00e9ticienne.fr","article_modified_time":"2026-02-07T17:07:50+00:00","og_image":[{"url":"http:\/\/xn--caroline-perret-ditticienne-socb.fr\/wp-content\/uploads\/2025\/08\/Titre-1-819x1024.png","type":"","width":"","height":""}],"twitter_card":"summary_large_image","twitter_misc":{"Est. reading time":"2 minutes"},"schema":{"@context":"https:\/\/schema.org","@graph":[{"@type":"WebPage","@id":"https:\/\/xn--caroline-perret-ditticienne-socb.fr\/?page_id=523","url":"https:\/\/xn--caroline-perret-ditticienne-socb.fr\/?page_id=523","name":"\u00e0 propos - caroline-perret-di\u00e9t\u00e9ticienne.fr","isPartOf":{"@id":"https:\/\/xn--caroline-perret-ditticienne-socb.fr\/#website"},"primaryImageOfPage":{"@id":"https:\/\/xn--caroline-perret-ditticienne-socb.fr\/?page_id=523#primaryimage"},"image":{"@id":"https:\/\/xn--caroline-perret-ditticienne-socb.fr\/?page_id=523#primaryimage"},"thumbnailUrl":"http:\/\/xn--caroline-perret-ditticienne-socb.fr\/wp-content\/uploads\/2025\/08\/Titre-1-819x1024.png","datePublished":"2025-10-17T12:04:50+00:00","dateModified":"2026-02-07T17:07:50+00:00","breadcrumb":{"@id":"https:\/\/xn--caroline-perret-ditticienne-socb.fr\/?page_id=523#breadcrumb"},"inLanguage":"en-US","potentialAction":[{"@type":"ReadAction","target":["https:\/\/xn--caroline-perret-ditticienne-socb.fr\/?page_id=523"]}]},{"@type":"ImageObject","inLanguage":"en-US","@id":"https:\/\/xn--caroline-perret-ditticienne-socb.fr\/?page_id=523#primaryimage","url":"http:\/\/xn--caroline-perret-ditticienne-socb.fr\/wp-content\/uploads\/2025\/08\/Titre-1-819x1024.png","contentUrl":"http:\/\/xn--caroline-perret-ditticienne-socb.fr\/wp-content\/uploads\/2025\/08\/Titre-1-819x1024.png"},{"@type":"BreadcrumbList","@id":"https:\/\/xn--caroline-perret-ditticienne-socb.fr\/?page_id=523#breadcrumb","itemListElement":[{"@type":"ListItem","position":1,"name":"Accueil","item":"https:\/\/xn--caroline-perret-ditticienne-socb.fr\/"},{"@type":"ListItem","position":2,"name":"\u00e0 propos"}]},{"@type":"WebSite","@id":"https:\/\/xn--caroline-perret-ditticienne-socb.fr\/#website","url":"https:\/\/xn--caroline-perret-ditticienne-socb.fr\/","name":"caroline-perret-di\u00e9t\u00e9ticienne.fr","description":"","potentialAction":[{"@type":"SearchAction","target":{"@type":"EntryPoint","urlTemplate":"https:\/\/xn--caroline-perret-ditticienne-socb.fr\/?s={search_term_string}"},"query-input":{"@type":"PropertyValueSpecification","valueRequired":true,"valueName":"search_term_string"}}],"inLanguage":"en-US"}]}},"_links":{"self":[{"href":"https:\/\/xn--caroline-perret-ditticienne-socb.fr\/index.php?rest_route=\/wp\/v2\/pages\/523","targetHints":{"allow":["GET"]}}],"collection":[{"href":"https:\/\/xn--caroline-perret-ditticienne-socb.fr\/index.php?rest_route=\/wp\/v2\/pages"}],"about":[{"href":"https:\/\/xn--caroline-perret-ditticienne-socb.fr\/index.php?rest_route=\/wp\/v2\/types\/page"}],"author":[{"embeddable":true,"href":"https:\/\/xn--caroline-perret-ditticienne-socb.fr\/index.php?rest_route=\/wp\/v2\/users\/1"}],"replies":[{"embeddable":true,"href":"https:\/\/xn--caroline-perret-ditticienne-socb.fr\/index.php?rest_route=%2Fwp%2Fv2%2Fcomments&post=523"}],"version-history":[{"count":8,"href":"https:\/\/xn--caroline-perret-ditticienne-socb.fr\/index.php?rest_route=\/wp\/v2\/pages\/523\/revisions"}],"predecessor-version":[{"id":614,"href":"https:\/\/xn--caroline-perret-ditticienne-socb.fr\/index.php?rest_route=\/wp\/v2\/pages\/523\/revisions\/614"}],"wp:attachment":[{"href":"https:\/\/xn--caroline-perret-ditticienne-socb.fr\/index.php?rest_route=%2Fwp%2Fv2%2Fmedia&parent=523"}],"curies":[{"name":"wp","href":"https:\/\/api.w.org\/{rel}","templated":true}]}}