{"id":404,"date":"2025-09-28T19:12:50","date_gmt":"2025-09-28T17:12:50","guid":{"rendered":"https:\/\/xn--caroline-perret-ditticienne-socb.fr\/?page_id=404"},"modified":"2026-02-07T17:09:48","modified_gmt":"2026-02-07T16:09:48","slug":"dietetique","status":"publish","type":"page","link":"https:\/\/xn--caroline-perret-ditticienne-socb.fr\/?page_id=404","title":{"rendered":"Di\u00e9t\u00e9tique"},"content":{"rendered":"\t\t<div data-elementor-type=\"wp-page\" data-elementor-id=\"404\" class=\"elementor elementor-404\">\n\t\t\t\t<div class=\"elementor-element elementor-element-5b9d5dc e-flex e-con-boxed e-con e-parent\" data-id=\"5b9d5dc\" data-element_type=\"container\" data-e-type=\"container\">\n\t\t\t\t\t<div class=\"e-con-inner\">\n\t\t\t\t<div class=\"elementor-element elementor-element-496bbe7 elementor-widget elementor-widget-image\" data-id=\"496bbe7\" data-element_type=\"widget\" data-e-type=\"widget\" data-widget_type=\"image.default\">\n\t\t\t\t<div class=\"elementor-widget-container\">\n\t\t\t\t\t\t\t\t\t\t\t\t\t\t\t<img fetchpriority=\"high\" decoding=\"async\" width=\"851\" height=\"315\" src=\"https:\/\/xn--caroline-perret-ditticienne-socb.fr\/wp-content\/uploads\/2025\/10\/4.png\" class=\"attachment-large size-large wp-image-481\" alt=\"\" srcset=\"https:\/\/xn--caroline-perret-ditticienne-socb.fr\/wp-content\/uploads\/2025\/10\/4.png 851w, https:\/\/xn--caroline-perret-ditticienne-socb.fr\/wp-content\/uploads\/2025\/10\/4-300x111.png 300w, https:\/\/xn--caroline-perret-ditticienne-socb.fr\/wp-content\/uploads\/2025\/10\/4-768x284.png 768w\" sizes=\"(max-width: 851px) 100vw, 851px\" \/>\t\t\t\t\t\t\t\t\t\t\t\t\t\t\t<\/div>\n\t\t\t\t<\/div>\n\t\t\t\t\t<\/div>\n\t\t\t\t<\/div>\n\t\t<div class=\"elementor-element elementor-element-53f463c e-flex e-con-boxed e-con e-parent\" data-id=\"53f463c\" data-element_type=\"container\" data-e-type=\"container\" data-settings=\"{&quot;background_background&quot;:&quot;classic&quot;}\">\n\t\t\t\t\t<div class=\"e-con-inner\">\n\t\t\t\t<div class=\"elementor-element elementor-element-47c22a1 elementor-widget elementor-widget-text-editor\" data-id=\"47c22a1\" data-element_type=\"widget\" data-e-type=\"widget\" data-widget_type=\"text-editor.default\">\n\t\t\t\t<div class=\"elementor-widget-container\">\n\t\t\t\t\t\t\t\t\t<p><b>La Di\u00e9t\u00e9tique <\/b>-du grec ancien Diaita = Hygi\u00e8ne de Vie- est <b>l&#8217;art de prendre soin de son corps<\/b> et de lui fournir ce dont il a besoin pour se d\u00e9velopper, fonctionner, performer, gu\u00e9rir et se renouveler de fa\u00e7on <b>optimale<\/b>.<\/p><p><b>Loin de n&#8217;\u00eatre qu&#8217;une question de silhouette<\/b>, la Di\u00e9t\u00e9tique est<b> une science vivante, profond\u00e9ment li\u00e9e \u00e0 notre \u00e9quilibre<\/b> <b>int\u00e9rieur<\/b>. Elle influence chaque cellule, chaque organe, chaque fonction vitale. Elle soutient le cerveau dans ses capacit\u00e9s cognitives, r\u00e9gule les hormones qui orchestrent nos rythmes biologiques, et participe activement \u00e0 la stabilit\u00e9 de notre humeur.<\/p><p><strong>Bien manger, c\u2019est nourrir sa clart\u00e9 mentale, sa r\u00e9silience \u00e9motionnelle, sa capacit\u00e9 \u00e0 cr\u00e9er, \u00e0 aimer, \u00e0 se concentrer, \u00e0 se r\u00e9g\u00e9n\u00e9rer.<\/strong> C\u2019est offrir \u00e0 son corps les moyens de pr\u00e9venir les d\u00e9s\u00e9quilibres, de gu\u00e9rir plus vite, et de performer sans s\u2019\u00e9puiser.<\/p><p><b>La di\u00e9t\u00e9tique devient alors un acte de soin, de respect et de connaissance de soi<\/b>. Elle ne se r\u00e9sume pas \u00e0 des calories ou des interdits, mais s\u2019incarne dans une hygi\u00e8ne de vie consciente, adapt\u00e9e, joyeuse et durable.<\/p><div>\u00a0<\/div>\t\t\t\t\t\t\t\t<\/div>\n\t\t\t\t<\/div>\n\t\t\t\t\t<\/div>\n\t\t\t\t<\/div>\n\t\t<div class=\"elementor-element elementor-element-3a6a8e9 e-flex e-con-boxed e-con e-parent\" data-id=\"3a6a8e9\" data-element_type=\"container\" data-e-type=\"container\">\n\t\t\t\t\t<div class=\"e-con-inner\">\n\t\t\t\t<div class=\"elementor-element elementor-element-3dbaf21 elementor-widget elementor-widget-heading\" data-id=\"3dbaf21\" data-element_type=\"widget\" data-e-type=\"widget\" data-widget_type=\"heading.default\">\n\t\t\t\t<div class=\"elementor-widget-container\">\n\t\t\t\t\t<h2 class=\"elementor-heading-title elementor-size-default\">DANS QUELS CAS ?<\/h2>\t\t\t\t<\/div>\n\t\t\t\t<\/div>\n\t\t\t\t\t<\/div>\n\t\t\t\t<\/div>\n\t\t<div class=\"elementor-element elementor-element-5bad22d e-flex e-con-boxed e-con e-parent\" data-id=\"5bad22d\" data-element_type=\"container\" data-e-type=\"container\" data-settings=\"{&quot;background_background&quot;:&quot;classic&quot;}\">\n\t\t\t\t\t<div class=\"e-con-inner\">\n\t\t\t\t<div class=\"elementor-element elementor-element-031eb39 elementor-widget elementor-widget-text-editor\" data-id=\"031eb39\" data-element_type=\"widget\" data-e-type=\"widget\" data-widget_type=\"text-editor.default\">\n\t\t\t\t<div class=\"elementor-widget-container\">\n\t\t\t\t\t\t\t\t\t<ul><li><p><b>Fatigue chronique, baisse d&#8217;\u00e9nergie<\/b><\/p><\/li><\/ul><ul><li><p><b>Stress, anxi\u00e9t\u00e9, troubles du sommeil<\/b><\/p><\/li><\/ul><ul><li><p><b>Travail intellectuel intense, passage d&#8217;examen ou soutenance<\/b><\/p><\/li><\/ul><ul><li><p><b>Variation de poids, d\u00e9sir de r\u00e9\u00e9quilibrage sans r\u00e9gime<\/b><\/p><\/li><\/ul><ul><li><p><b>Adaptation de l&#8217;alimentation aux cycles f\u00e9minins<\/b><\/p><\/li><\/ul><ul><li><p><b>Pr\u00e9vention sant\u00e9 globale<\/b><\/p><\/li><\/ul>\t\t\t\t\t\t\t\t<\/div>\n\t\t\t\t<\/div>\n\t\t\t\t\t<\/div>\n\t\t\t\t<\/div>\n\t\t<div class=\"elementor-element elementor-element-e4a8201 e-flex e-con-boxed e-con e-parent\" data-id=\"e4a8201\" data-element_type=\"container\" data-e-type=\"container\">\n\t\t\t\t\t<div class=\"e-con-inner\">\n\t\t\t\t<div class=\"elementor-element elementor-element-c6070ee elementor-mobile-align-center elementor-align-center elementor-widget elementor-widget-button\" data-id=\"c6070ee\" data-element_type=\"widget\" data-e-type=\"widget\" data-widget_type=\"button.default\">\n\t\t\t\t<div class=\"elementor-widget-container\">\n\t\t\t\t\t\t\t\t\t<div class=\"elementor-button-wrapper\">\n\t\t\t\t\t<a class=\"elementor-button elementor-button-link elementor-size-sm\" href=\"https:\/\/xn--caroline-perret-ditticienne-socb.fr\/?page_id=52\">\n\t\t\t\t\t\t<span class=\"elementor-button-content-wrapper\">\n\t\t\t\t\t\t\t\t\t<span class=\"elementor-button-text\">RESERVER UNE CONSULTATION<\/span>\n\t\t\t\t\t<\/span>\n\t\t\t\t\t<\/a>\n\t\t\t\t<\/div>\n\t\t\t\t\t\t\t\t<\/div>\n\t\t\t\t<\/div>\n\t\t\t\t\t<\/div>\n\t\t\t\t<\/div>\n\t\t\t\t<\/div>\n\t\t","protected":false},"excerpt":{"rendered":"<p>La Di\u00e9t\u00e9tique -du grec ancien Diaita = Hygi\u00e8ne de Vie- est l&#8217;art de prendre soin de son corps et de lui fournir ce dont il a besoin pour se d\u00e9velopper, fonctionner, performer, gu\u00e9rir et se renouveler de fa\u00e7on optimale. Loin de n&#8217;\u00eatre qu&#8217;une question de silhouette, la Di\u00e9t\u00e9tique est une science vivante, profond\u00e9ment li\u00e9e \u00e0&hellip; <br \/> <a class=\"read-more\" href=\"https:\/\/xn--caroline-perret-ditticienne-socb.fr\/?page_id=404\">Read more<\/a><\/p>\n","protected":false},"author":1,"featured_media":0,"parent":0,"menu_order":0,"comment_status":"closed","ping_status":"closed","template":"","meta":{"om_disable_all_campaigns":false,"_monsterinsights_skip_tracking":false,"_monsterinsights_sitenote_active":false,"_monsterinsights_sitenote_note":"","_monsterinsights_sitenote_category":0,"footnotes":""},"class_list":["post-404","page","type-page","status-publish","hentry"],"yoast_head":"<!-- This site is optimized with the Yoast SEO plugin v27.1.1 - https:\/\/yoast.com\/product\/yoast-seo-wordpress\/ -->\n<title>Di\u00e9t\u00e9tique - caroline-perret-di\u00e9t\u00e9ticienne.fr<\/title>\n<meta name=\"robots\" content=\"index, follow, max-snippet:-1, max-image-preview:large, max-video-preview:-1\" \/>\n<link rel=\"canonical\" href=\"https:\/\/xn--caroline-perret-ditticienne-socb.fr\/?page_id=404\" \/>\n<meta property=\"og:locale\" content=\"en_US\" \/>\n<meta property=\"og:type\" content=\"article\" \/>\n<meta property=\"og:title\" content=\"Di\u00e9t\u00e9tique - caroline-perret-di\u00e9t\u00e9ticienne.fr\" \/>\n<meta property=\"og:description\" content=\"La Di\u00e9t\u00e9tique -du grec ancien Diaita = Hygi\u00e8ne de Vie- est l&#8217;art de prendre soin de son corps et de lui fournir ce dont il a besoin pour se d\u00e9velopper, fonctionner, performer, gu\u00e9rir et se renouveler de fa\u00e7on optimale. Loin de n&#8217;\u00eatre qu&#8217;une question de silhouette, la Di\u00e9t\u00e9tique est une science vivante, profond\u00e9ment li\u00e9e \u00e0&hellip; Read more\" \/>\n<meta property=\"og:url\" content=\"https:\/\/xn--caroline-perret-ditticienne-socb.fr\/?page_id=404\" \/>\n<meta property=\"og:site_name\" content=\"caroline-perret-di\u00e9t\u00e9ticienne.fr\" \/>\n<meta property=\"article:modified_time\" content=\"2026-02-07T16:09:48+00:00\" \/>\n<meta property=\"og:image\" content=\"http:\/\/xn--caroline-perret-ditticienne-socb.fr\/wp-content\/uploads\/2025\/10\/4.png\" \/>\n<meta name=\"twitter:card\" content=\"summary_large_image\" \/>\n<meta name=\"twitter:label1\" content=\"Est. reading time\" \/>\n\t<meta name=\"twitter:data1\" content=\"2 minutes\" \/>\n<script type=\"application\/ld+json\" class=\"yoast-schema-graph\">{\"@context\":\"https:\/\/schema.org\",\"@graph\":[{\"@type\":\"WebPage\",\"@id\":\"https:\/\/xn--caroline-perret-ditticienne-socb.fr\/?page_id=404\",\"url\":\"https:\/\/xn--caroline-perret-ditticienne-socb.fr\/?page_id=404\",\"name\":\"Di\u00e9t\u00e9tique - caroline-perret-di\u00e9t\u00e9ticienne.fr\",\"isPartOf\":{\"@id\":\"https:\/\/xn--caroline-perret-ditticienne-socb.fr\/#website\"},\"primaryImageOfPage\":{\"@id\":\"https:\/\/xn--caroline-perret-ditticienne-socb.fr\/?page_id=404#primaryimage\"},\"image\":{\"@id\":\"https:\/\/xn--caroline-perret-ditticienne-socb.fr\/?page_id=404#primaryimage\"},\"thumbnailUrl\":\"http:\/\/xn--caroline-perret-ditticienne-socb.fr\/wp-content\/uploads\/2025\/10\/4.png\",\"datePublished\":\"2025-09-28T17:12:50+00:00\",\"dateModified\":\"2026-02-07T16:09:48+00:00\",\"breadcrumb\":{\"@id\":\"https:\/\/xn--caroline-perret-ditticienne-socb.fr\/?page_id=404#breadcrumb\"},\"inLanguage\":\"en-US\",\"potentialAction\":[{\"@type\":\"ReadAction\",\"target\":[\"https:\/\/xn--caroline-perret-ditticienne-socb.fr\/?page_id=404\"]}]},{\"@type\":\"ImageObject\",\"inLanguage\":\"en-US\",\"@id\":\"https:\/\/xn--caroline-perret-ditticienne-socb.fr\/?page_id=404#primaryimage\",\"url\":\"http:\/\/xn--caroline-perret-ditticienne-socb.fr\/wp-content\/uploads\/2025\/10\/4.png\",\"contentUrl\":\"http:\/\/xn--caroline-perret-ditticienne-socb.fr\/wp-content\/uploads\/2025\/10\/4.png\"},{\"@type\":\"BreadcrumbList\",\"@id\":\"https:\/\/xn--caroline-perret-ditticienne-socb.fr\/?page_id=404#breadcrumb\",\"itemListElement\":[{\"@type\":\"ListItem\",\"position\":1,\"name\":\"Accueil\",\"item\":\"https:\/\/xn--caroline-perret-ditticienne-socb.fr\/\"},{\"@type\":\"ListItem\",\"position\":2,\"name\":\"Di\u00e9t\u00e9tique\"}]},{\"@type\":\"WebSite\",\"@id\":\"https:\/\/xn--caroline-perret-ditticienne-socb.fr\/#website\",\"url\":\"https:\/\/xn--caroline-perret-ditticienne-socb.fr\/\",\"name\":\"caroline-perret-di\u00e9t\u00e9ticienne.fr\",\"description\":\"\",\"potentialAction\":[{\"@type\":\"SearchAction\",\"target\":{\"@type\":\"EntryPoint\",\"urlTemplate\":\"https:\/\/xn--caroline-perret-ditticienne-socb.fr\/?s={search_term_string}\"},\"query-input\":{\"@type\":\"PropertyValueSpecification\",\"valueRequired\":true,\"valueName\":\"search_term_string\"}}],\"inLanguage\":\"en-US\"}]}<\/script>\n<!-- \/ Yoast SEO plugin. -->","yoast_head_json":{"title":"Di\u00e9t\u00e9tique - caroline-perret-di\u00e9t\u00e9ticienne.fr","robots":{"index":"index","follow":"follow","max-snippet":"max-snippet:-1","max-image-preview":"max-image-preview:large","max-video-preview":"max-video-preview:-1"},"canonical":"https:\/\/xn--caroline-perret-ditticienne-socb.fr\/?page_id=404","og_locale":"en_US","og_type":"article","og_title":"Di\u00e9t\u00e9tique - caroline-perret-di\u00e9t\u00e9ticienne.fr","og_description":"La Di\u00e9t\u00e9tique -du grec ancien Diaita = Hygi\u00e8ne de Vie- est l&#8217;art de prendre soin de son corps et de lui fournir ce dont il a besoin pour se d\u00e9velopper, fonctionner, performer, gu\u00e9rir et se renouveler de fa\u00e7on optimale. Loin de n&#8217;\u00eatre qu&#8217;une question de silhouette, la Di\u00e9t\u00e9tique est une science vivante, profond\u00e9ment li\u00e9e \u00e0&hellip; Read more","og_url":"https:\/\/xn--caroline-perret-ditticienne-socb.fr\/?page_id=404","og_site_name":"caroline-perret-di\u00e9t\u00e9ticienne.fr","article_modified_time":"2026-02-07T16:09:48+00:00","og_image":[{"url":"http:\/\/xn--caroline-perret-ditticienne-socb.fr\/wp-content\/uploads\/2025\/10\/4.png","type":"","width":"","height":""}],"twitter_card":"summary_large_image","twitter_misc":{"Est. reading time":"2 minutes"},"schema":{"@context":"https:\/\/schema.org","@graph":[{"@type":"WebPage","@id":"https:\/\/xn--caroline-perret-ditticienne-socb.fr\/?page_id=404","url":"https:\/\/xn--caroline-perret-ditticienne-socb.fr\/?page_id=404","name":"Di\u00e9t\u00e9tique - caroline-perret-di\u00e9t\u00e9ticienne.fr","isPartOf":{"@id":"https:\/\/xn--caroline-perret-ditticienne-socb.fr\/#website"},"primaryImageOfPage":{"@id":"https:\/\/xn--caroline-perret-ditticienne-socb.fr\/?page_id=404#primaryimage"},"image":{"@id":"https:\/\/xn--caroline-perret-ditticienne-socb.fr\/?page_id=404#primaryimage"},"thumbnailUrl":"http:\/\/xn--caroline-perret-ditticienne-socb.fr\/wp-content\/uploads\/2025\/10\/4.png","datePublished":"2025-09-28T17:12:50+00:00","dateModified":"2026-02-07T16:09:48+00:00","breadcrumb":{"@id":"https:\/\/xn--caroline-perret-ditticienne-socb.fr\/?page_id=404#breadcrumb"},"inLanguage":"en-US","potentialAction":[{"@type":"ReadAction","target":["https:\/\/xn--caroline-perret-ditticienne-socb.fr\/?page_id=404"]}]},{"@type":"ImageObject","inLanguage":"en-US","@id":"https:\/\/xn--caroline-perret-ditticienne-socb.fr\/?page_id=404#primaryimage","url":"http:\/\/xn--caroline-perret-ditticienne-socb.fr\/wp-content\/uploads\/2025\/10\/4.png","contentUrl":"http:\/\/xn--caroline-perret-ditticienne-socb.fr\/wp-content\/uploads\/2025\/10\/4.png"},{"@type":"BreadcrumbList","@id":"https:\/\/xn--caroline-perret-ditticienne-socb.fr\/?page_id=404#breadcrumb","itemListElement":[{"@type":"ListItem","position":1,"name":"Accueil","item":"https:\/\/xn--caroline-perret-ditticienne-socb.fr\/"},{"@type":"ListItem","position":2,"name":"Di\u00e9t\u00e9tique"}]},{"@type":"WebSite","@id":"https:\/\/xn--caroline-perret-ditticienne-socb.fr\/#website","url":"https:\/\/xn--caroline-perret-ditticienne-socb.fr\/","name":"caroline-perret-di\u00e9t\u00e9ticienne.fr","description":"","potentialAction":[{"@type":"SearchAction","target":{"@type":"EntryPoint","urlTemplate":"https:\/\/xn--caroline-perret-ditticienne-socb.fr\/?s={search_term_string}"},"query-input":{"@type":"PropertyValueSpecification","valueRequired":true,"valueName":"search_term_string"}}],"inLanguage":"en-US"}]}},"_links":{"self":[{"href":"https:\/\/xn--caroline-perret-ditticienne-socb.fr\/index.php?rest_route=\/wp\/v2\/pages\/404","targetHints":{"allow":["GET"]}}],"collection":[{"href":"https:\/\/xn--caroline-perret-ditticienne-socb.fr\/index.php?rest_route=\/wp\/v2\/pages"}],"about":[{"href":"https:\/\/xn--caroline-perret-ditticienne-socb.fr\/index.php?rest_route=\/wp\/v2\/types\/page"}],"author":[{"embeddable":true,"href":"https:\/\/xn--caroline-perret-ditticienne-socb.fr\/index.php?rest_route=\/wp\/v2\/users\/1"}],"replies":[{"embeddable":true,"href":"https:\/\/xn--caroline-perret-ditticienne-socb.fr\/index.php?rest_route=%2Fwp%2Fv2%2Fcomments&post=404"}],"version-history":[{"count":26,"href":"https:\/\/xn--caroline-perret-ditticienne-socb.fr\/index.php?rest_route=\/wp\/v2\/pages\/404\/revisions"}],"predecessor-version":[{"id":600,"href":"https:\/\/xn--caroline-perret-ditticienne-socb.fr\/index.php?rest_route=\/wp\/v2\/pages\/404\/revisions\/600"}],"wp:attachment":[{"href":"https:\/\/xn--caroline-perret-ditticienne-socb.fr\/index.php?rest_route=%2Fwp%2Fv2%2Fmedia&parent=404"}],"curies":[{"name":"wp","href":"https:\/\/api.w.org\/{rel}","templated":true}]}}