{"id":399,"date":"2025-09-28T19:05:04","date_gmt":"2025-09-28T17:05:04","guid":{"rendered":"https:\/\/xn--caroline-perret-ditticienne-socb.fr\/?page_id=399"},"modified":"2026-02-07T17:11:21","modified_gmt":"2026-02-07T16:11:21","slug":"nutrition","status":"publish","type":"page","link":"https:\/\/xn--caroline-perret-ditticienne-socb.fr\/?page_id=399","title":{"rendered":"Nutrition"},"content":{"rendered":"\t\t<div data-elementor-type=\"wp-page\" data-elementor-id=\"399\" class=\"elementor elementor-399\">\n\t\t\t\t<div class=\"elementor-element elementor-element-d9af0cf e-flex e-con-boxed e-con e-parent\" data-id=\"d9af0cf\" data-element_type=\"container\" data-e-type=\"container\">\n\t\t\t\t\t<div class=\"e-con-inner\">\n\t\t\t\t<div class=\"elementor-element elementor-element-64998ba elementor-widget elementor-widget-image\" data-id=\"64998ba\" data-element_type=\"widget\" data-e-type=\"widget\" data-widget_type=\"image.default\">\n\t\t\t\t<div class=\"elementor-widget-container\">\n\t\t\t\t\t\t\t\t\t\t\t\t\t\t\t<img fetchpriority=\"high\" decoding=\"async\" width=\"851\" height=\"315\" src=\"https:\/\/xn--caroline-perret-ditticienne-socb.fr\/wp-content\/uploads\/2025\/09\/3-1.png\" class=\"attachment-large size-large wp-image-391\" alt=\"\" srcset=\"https:\/\/xn--caroline-perret-ditticienne-socb.fr\/wp-content\/uploads\/2025\/09\/3-1.png 851w, https:\/\/xn--caroline-perret-ditticienne-socb.fr\/wp-content\/uploads\/2025\/09\/3-1-300x111.png 300w, https:\/\/xn--caroline-perret-ditticienne-socb.fr\/wp-content\/uploads\/2025\/09\/3-1-768x284.png 768w\" sizes=\"(max-width: 851px) 100vw, 851px\" \/>\t\t\t\t\t\t\t\t\t\t\t\t\t\t\t<\/div>\n\t\t\t\t<\/div>\n\t\t\t\t\t<\/div>\n\t\t\t\t<\/div>\n\t\t<div class=\"elementor-element elementor-element-148b528 e-flex e-con-boxed e-con e-parent\" data-id=\"148b528\" data-element_type=\"container\" data-e-type=\"container\">\n\t\t\t\t\t<div class=\"e-con-inner\">\n\t\t\t\t<div class=\"elementor-element elementor-element-37c50a4 elementor-widget elementor-widget-text-editor\" data-id=\"37c50a4\" data-element_type=\"widget\" data-e-type=\"widget\" data-widget_type=\"text-editor.default\">\n\t\t\t\t<div class=\"elementor-widget-container\">\n\t\t\t\t\t\t\t\t\t<p><b>La Nutrition <\/b>est la science de l&#8217;alimentation et de la mani\u00e8re de l&#8217;adapter aux besoins de sant\u00e9 pour qu&#8217;elle soutienne l&#8217;organisme.<\/p>\n<p><strong>Elle ne se limite pas \u00e0 des apports caloriques ou \u00e0 des tableaux de composition :<\/strong> la nutrition explore comment chaque nutriment interagit avec nos fonctions vitales, notre microbiote, notre immunit\u00e9, notre \u00e9nergie, notre humeur. Elle s\u2019adapte aux rythmes de vie, aux contextes physiologiques (grossesse, croissance, convalescence), aux vuln\u00e9rabilit\u00e9s m\u00e9taboliques ou neurobiologiques, et aux pr\u00e9f\u00e9rences, cadre de vie et imp\u00e9ratifs personnels.<\/p>\n<p><strong>Bien pens\u00e9e, elle devient un levier puissant de r\u00e9gulation, de pr\u00e9vention et de r\u00e9paration.<\/strong> Elle soutient la plasticit\u00e9 c\u00e9r\u00e9brale, la stabilit\u00e9 hormonale, la qualit\u00e9 du sommeil, la gestion du stress, et m\u00eame la cr\u00e9ativit\u00e9.<\/p>\n<p><strong>La nutrition est donc une science du vivant, mais aussi une pratique quotidienne, incarn\u00e9e, \u00e9volutive.<\/strong> Elle invite \u00e0 \u00e9couter les signaux du corps, \u00e0 ajuster les apports, \u00e0 valoriser les aliments comme partenaires de sant\u00e9, et \u00e0 construire une relation apais\u00e9e avec l\u2019acte de manger afin de recouvrer la sant\u00e9.<\/p>\n<p>Je vous accompagne dans <b>la prise en charge de votre alimentation dans le cadre de votre suivi th\u00e9rapeutique<\/b> afin d&#8217;<b>apprivoiser ensemble votre assiette <\/b>et vous permettre de <b>construire votre alimentation sant\u00e9 respectueuse de vos rythmes, obligations et besoins.<\/b><\/p>\n<div>&nbsp;<\/div>\t\t\t\t\t\t\t\t<\/div>\n\t\t\t\t<\/div>\n\t\t\t\t\t<\/div>\n\t\t\t\t<\/div>\n\t\t<div class=\"elementor-element elementor-element-f0015c0 e-flex e-con-boxed e-con e-parent\" data-id=\"f0015c0\" data-element_type=\"container\" data-e-type=\"container\">\n\t\t\t\t\t<div class=\"e-con-inner\">\n\t\t\t\t<div class=\"elementor-element elementor-element-0554509 elementor-widget elementor-widget-heading\" data-id=\"0554509\" data-element_type=\"widget\" data-e-type=\"widget\" data-widget_type=\"heading.default\">\n\t\t\t\t<div class=\"elementor-widget-container\">\n\t\t\t\t\t<h2 class=\"elementor-heading-title elementor-size-default\">DANS QUELS CAS ?<\/h2>\t\t\t\t<\/div>\n\t\t\t\t<\/div>\n\t\t\t\t\t<\/div>\n\t\t\t\t<\/div>\n\t\t<div class=\"elementor-element elementor-element-dbf00a6 e-flex e-con-boxed e-con e-parent\" data-id=\"dbf00a6\" data-element_type=\"container\" data-e-type=\"container\" data-settings=\"{&quot;background_background&quot;:&quot;classic&quot;}\">\n\t\t\t\t\t<div class=\"e-con-inner\">\n\t\t\t\t<div class=\"elementor-element elementor-element-97aa3e3 elementor-widget elementor-widget-text-editor\" data-id=\"97aa3e3\" data-element_type=\"widget\" data-e-type=\"widget\" data-widget_type=\"text-editor.default\">\n\t\t\t\t<div class=\"elementor-widget-container\">\n\t\t\t\t\t\t\t\t\t<h4>\u00a0<\/h4><ul><li><b>Maladies M\u00e9taboliques :<\/b> diab\u00e8tes, dyslipid\u00e9mies, ob\u00e9sit\u00e9 s\u00e9v\u00e8re ou r\u00e9sistante, syndrome m\u00e9tabolique.<\/li><\/ul><ul><li><b>Pathologies Digestives :<\/b> Maladie Coeliaque, Crohn, intestin irritable, pancr\u00e9atite, insuffisance h\u00e9patique.<\/li><\/ul><ul><li><b>Intol\u00e9rances et Allergies Alimentaires : <\/b>Lactose, gluten, FODMAPs, R\u00e9actions crois\u00e9es alimentaires.<\/li><\/ul><ul><li><b>Suivi Pr\u00e9 et Post Op\u00e9ratoire<\/b><\/li><\/ul><ul><li><b>Oncologie Nutritionnelle : <\/b>Cachexie ou anorexie, pr\u00e9vention de la d\u00e9nutrition.<\/li><\/ul><div>\u00a0<\/div>\t\t\t\t\t\t\t\t<\/div>\n\t\t\t\t<\/div>\n\t\t\t\t\t<\/div>\n\t\t\t\t<\/div>\n\t\t<div class=\"elementor-element elementor-element-1223b8f e-flex e-con-boxed e-con e-parent\" data-id=\"1223b8f\" data-element_type=\"container\" data-e-type=\"container\">\n\t\t\t\t\t<div class=\"e-con-inner\">\n\t\t\t\t<div class=\"elementor-element elementor-element-305a4b3 elementor-align-center elementor-widget elementor-widget-button\" data-id=\"305a4b3\" data-element_type=\"widget\" data-e-type=\"widget\" data-widget_type=\"button.default\">\n\t\t\t\t<div class=\"elementor-widget-container\">\n\t\t\t\t\t\t\t\t\t<div class=\"elementor-button-wrapper\">\n\t\t\t\t\t<a class=\"elementor-button elementor-button-link elementor-size-sm\" href=\"https:\/\/xn--caroline-perret-ditticienne-socb.fr\/?page_id=52\">\n\t\t\t\t\t\t<span class=\"elementor-button-content-wrapper\">\n\t\t\t\t\t\t\t\t\t<span class=\"elementor-button-text\">Prendre Rendez Vous<\/span>\n\t\t\t\t\t<\/span>\n\t\t\t\t\t<\/a>\n\t\t\t\t<\/div>\n\t\t\t\t\t\t\t\t<\/div>\n\t\t\t\t<\/div>\n\t\t\t\t\t<\/div>\n\t\t\t\t<\/div>\n\t\t\t\t<\/div>\n\t\t","protected":false},"excerpt":{"rendered":"<p>La Nutrition est la science de l&#8217;alimentation et de la mani\u00e8re de l&#8217;adapter aux besoins de sant\u00e9 pour qu&#8217;elle soutienne l&#8217;organisme. Elle ne se limite pas \u00e0 des apports caloriques ou \u00e0 des tableaux de composition : la nutrition explore comment chaque nutriment interagit avec nos fonctions vitales, notre microbiote, notre immunit\u00e9, notre \u00e9nergie, notre&hellip; <br \/> <a class=\"read-more\" href=\"https:\/\/xn--caroline-perret-ditticienne-socb.fr\/?page_id=399\">Read more<\/a><\/p>\n","protected":false},"author":1,"featured_media":0,"parent":0,"menu_order":0,"comment_status":"closed","ping_status":"closed","template":"","meta":{"om_disable_all_campaigns":false,"_monsterinsights_skip_tracking":false,"_monsterinsights_sitenote_active":false,"_monsterinsights_sitenote_note":"","_monsterinsights_sitenote_category":0,"footnotes":""},"class_list":["post-399","page","type-page","status-publish","hentry"],"yoast_head":"<!-- This site is optimized with the Yoast SEO plugin v27.1.1 - https:\/\/yoast.com\/product\/yoast-seo-wordpress\/ -->\n<title>Nutrition - caroline-perret-di\u00e9t\u00e9ticienne.fr<\/title>\n<meta name=\"robots\" content=\"index, follow, max-snippet:-1, max-image-preview:large, max-video-preview:-1\" \/>\n<link rel=\"canonical\" href=\"https:\/\/xn--caroline-perret-ditticienne-socb.fr\/?page_id=399\" \/>\n<meta property=\"og:locale\" content=\"en_US\" \/>\n<meta property=\"og:type\" content=\"article\" \/>\n<meta property=\"og:title\" content=\"Nutrition - caroline-perret-di\u00e9t\u00e9ticienne.fr\" \/>\n<meta property=\"og:description\" content=\"La Nutrition est la science de l&#8217;alimentation et de la mani\u00e8re de l&#8217;adapter aux besoins de sant\u00e9 pour qu&#8217;elle soutienne l&#8217;organisme. Elle ne se limite pas \u00e0 des apports caloriques ou \u00e0 des tableaux de composition : la nutrition explore comment chaque nutriment interagit avec nos fonctions vitales, notre microbiote, notre immunit\u00e9, notre \u00e9nergie, notre&hellip; Read more\" \/>\n<meta property=\"og:url\" content=\"https:\/\/xn--caroline-perret-ditticienne-socb.fr\/?page_id=399\" \/>\n<meta property=\"og:site_name\" content=\"caroline-perret-di\u00e9t\u00e9ticienne.fr\" \/>\n<meta property=\"article:modified_time\" content=\"2026-02-07T16:11:21+00:00\" \/>\n<meta property=\"og:image\" content=\"http:\/\/xn--caroline-perret-ditticienne-socb.fr\/wp-content\/uploads\/2025\/09\/3-1.png\" \/>\n<meta name=\"twitter:card\" content=\"summary_large_image\" \/>\n<meta name=\"twitter:label1\" content=\"Est. reading time\" \/>\n\t<meta name=\"twitter:data1\" content=\"2 minutes\" \/>\n<script type=\"application\/ld+json\" class=\"yoast-schema-graph\">{\"@context\":\"https:\/\/schema.org\",\"@graph\":[{\"@type\":\"WebPage\",\"@id\":\"https:\/\/xn--caroline-perret-ditticienne-socb.fr\/?page_id=399\",\"url\":\"https:\/\/xn--caroline-perret-ditticienne-socb.fr\/?page_id=399\",\"name\":\"Nutrition - caroline-perret-di\u00e9t\u00e9ticienne.fr\",\"isPartOf\":{\"@id\":\"https:\/\/xn--caroline-perret-ditticienne-socb.fr\/#website\"},\"primaryImageOfPage\":{\"@id\":\"https:\/\/xn--caroline-perret-ditticienne-socb.fr\/?page_id=399#primaryimage\"},\"image\":{\"@id\":\"https:\/\/xn--caroline-perret-ditticienne-socb.fr\/?page_id=399#primaryimage\"},\"thumbnailUrl\":\"http:\/\/xn--caroline-perret-ditticienne-socb.fr\/wp-content\/uploads\/2025\/09\/3-1.png\",\"datePublished\":\"2025-09-28T17:05:04+00:00\",\"dateModified\":\"2026-02-07T16:11:21+00:00\",\"breadcrumb\":{\"@id\":\"https:\/\/xn--caroline-perret-ditticienne-socb.fr\/?page_id=399#breadcrumb\"},\"inLanguage\":\"en-US\",\"potentialAction\":[{\"@type\":\"ReadAction\",\"target\":[\"https:\/\/xn--caroline-perret-ditticienne-socb.fr\/?page_id=399\"]}]},{\"@type\":\"ImageObject\",\"inLanguage\":\"en-US\",\"@id\":\"https:\/\/xn--caroline-perret-ditticienne-socb.fr\/?page_id=399#primaryimage\",\"url\":\"http:\/\/xn--caroline-perret-ditticienne-socb.fr\/wp-content\/uploads\/2025\/09\/3-1.png\",\"contentUrl\":\"http:\/\/xn--caroline-perret-ditticienne-socb.fr\/wp-content\/uploads\/2025\/09\/3-1.png\"},{\"@type\":\"BreadcrumbList\",\"@id\":\"https:\/\/xn--caroline-perret-ditticienne-socb.fr\/?page_id=399#breadcrumb\",\"itemListElement\":[{\"@type\":\"ListItem\",\"position\":1,\"name\":\"Accueil\",\"item\":\"https:\/\/xn--caroline-perret-ditticienne-socb.fr\/\"},{\"@type\":\"ListItem\",\"position\":2,\"name\":\"Nutrition\"}]},{\"@type\":\"WebSite\",\"@id\":\"https:\/\/xn--caroline-perret-ditticienne-socb.fr\/#website\",\"url\":\"https:\/\/xn--caroline-perret-ditticienne-socb.fr\/\",\"name\":\"caroline-perret-di\u00e9t\u00e9ticienne.fr\",\"description\":\"\",\"potentialAction\":[{\"@type\":\"SearchAction\",\"target\":{\"@type\":\"EntryPoint\",\"urlTemplate\":\"https:\/\/xn--caroline-perret-ditticienne-socb.fr\/?s={search_term_string}\"},\"query-input\":{\"@type\":\"PropertyValueSpecification\",\"valueRequired\":true,\"valueName\":\"search_term_string\"}}],\"inLanguage\":\"en-US\"}]}<\/script>\n<!-- \/ Yoast SEO plugin. -->","yoast_head_json":{"title":"Nutrition - caroline-perret-di\u00e9t\u00e9ticienne.fr","robots":{"index":"index","follow":"follow","max-snippet":"max-snippet:-1","max-image-preview":"max-image-preview:large","max-video-preview":"max-video-preview:-1"},"canonical":"https:\/\/xn--caroline-perret-ditticienne-socb.fr\/?page_id=399","og_locale":"en_US","og_type":"article","og_title":"Nutrition - caroline-perret-di\u00e9t\u00e9ticienne.fr","og_description":"La Nutrition est la science de l&#8217;alimentation et de la mani\u00e8re de l&#8217;adapter aux besoins de sant\u00e9 pour qu&#8217;elle soutienne l&#8217;organisme. Elle ne se limite pas \u00e0 des apports caloriques ou \u00e0 des tableaux de composition : la nutrition explore comment chaque nutriment interagit avec nos fonctions vitales, notre microbiote, notre immunit\u00e9, notre \u00e9nergie, notre&hellip; Read more","og_url":"https:\/\/xn--caroline-perret-ditticienne-socb.fr\/?page_id=399","og_site_name":"caroline-perret-di\u00e9t\u00e9ticienne.fr","article_modified_time":"2026-02-07T16:11:21+00:00","og_image":[{"url":"http:\/\/xn--caroline-perret-ditticienne-socb.fr\/wp-content\/uploads\/2025\/09\/3-1.png","type":"","width":"","height":""}],"twitter_card":"summary_large_image","twitter_misc":{"Est. reading time":"2 minutes"},"schema":{"@context":"https:\/\/schema.org","@graph":[{"@type":"WebPage","@id":"https:\/\/xn--caroline-perret-ditticienne-socb.fr\/?page_id=399","url":"https:\/\/xn--caroline-perret-ditticienne-socb.fr\/?page_id=399","name":"Nutrition - caroline-perret-di\u00e9t\u00e9ticienne.fr","isPartOf":{"@id":"https:\/\/xn--caroline-perret-ditticienne-socb.fr\/#website"},"primaryImageOfPage":{"@id":"https:\/\/xn--caroline-perret-ditticienne-socb.fr\/?page_id=399#primaryimage"},"image":{"@id":"https:\/\/xn--caroline-perret-ditticienne-socb.fr\/?page_id=399#primaryimage"},"thumbnailUrl":"http:\/\/xn--caroline-perret-ditticienne-socb.fr\/wp-content\/uploads\/2025\/09\/3-1.png","datePublished":"2025-09-28T17:05:04+00:00","dateModified":"2026-02-07T16:11:21+00:00","breadcrumb":{"@id":"https:\/\/xn--caroline-perret-ditticienne-socb.fr\/?page_id=399#breadcrumb"},"inLanguage":"en-US","potentialAction":[{"@type":"ReadAction","target":["https:\/\/xn--caroline-perret-ditticienne-socb.fr\/?page_id=399"]}]},{"@type":"ImageObject","inLanguage":"en-US","@id":"https:\/\/xn--caroline-perret-ditticienne-socb.fr\/?page_id=399#primaryimage","url":"http:\/\/xn--caroline-perret-ditticienne-socb.fr\/wp-content\/uploads\/2025\/09\/3-1.png","contentUrl":"http:\/\/xn--caroline-perret-ditticienne-socb.fr\/wp-content\/uploads\/2025\/09\/3-1.png"},{"@type":"BreadcrumbList","@id":"https:\/\/xn--caroline-perret-ditticienne-socb.fr\/?page_id=399#breadcrumb","itemListElement":[{"@type":"ListItem","position":1,"name":"Accueil","item":"https:\/\/xn--caroline-perret-ditticienne-socb.fr\/"},{"@type":"ListItem","position":2,"name":"Nutrition"}]},{"@type":"WebSite","@id":"https:\/\/xn--caroline-perret-ditticienne-socb.fr\/#website","url":"https:\/\/xn--caroline-perret-ditticienne-socb.fr\/","name":"caroline-perret-di\u00e9t\u00e9ticienne.fr","description":"","potentialAction":[{"@type":"SearchAction","target":{"@type":"EntryPoint","urlTemplate":"https:\/\/xn--caroline-perret-ditticienne-socb.fr\/?s={search_term_string}"},"query-input":{"@type":"PropertyValueSpecification","valueRequired":true,"valueName":"search_term_string"}}],"inLanguage":"en-US"}]}},"_links":{"self":[{"href":"https:\/\/xn--caroline-perret-ditticienne-socb.fr\/index.php?rest_route=\/wp\/v2\/pages\/399","targetHints":{"allow":["GET"]}}],"collection":[{"href":"https:\/\/xn--caroline-perret-ditticienne-socb.fr\/index.php?rest_route=\/wp\/v2\/pages"}],"about":[{"href":"https:\/\/xn--caroline-perret-ditticienne-socb.fr\/index.php?rest_route=\/wp\/v2\/types\/page"}],"author":[{"embeddable":true,"href":"https:\/\/xn--caroline-perret-ditticienne-socb.fr\/index.php?rest_route=\/wp\/v2\/users\/1"}],"replies":[{"embeddable":true,"href":"https:\/\/xn--caroline-perret-ditticienne-socb.fr\/index.php?rest_route=%2Fwp%2Fv2%2Fcomments&post=399"}],"version-history":[{"count":14,"href":"https:\/\/xn--caroline-perret-ditticienne-socb.fr\/index.php?rest_route=\/wp\/v2\/pages\/399\/revisions"}],"predecessor-version":[{"id":604,"href":"https:\/\/xn--caroline-perret-ditticienne-socb.fr\/index.php?rest_route=\/wp\/v2\/pages\/399\/revisions\/604"}],"wp:attachment":[{"href":"https:\/\/xn--caroline-perret-ditticienne-socb.fr\/index.php?rest_route=%2Fwp%2Fv2%2Fmedia&parent=399"}],"curies":[{"name":"wp","href":"https:\/\/api.w.org\/{rel}","templated":true}]}}