{"id":195,"date":"2023-12-22T07:20:12","date_gmt":"2023-12-22T06:20:12","guid":{"rendered":"https:\/\/xn--caroline-perret-ditticienne-socb.fr\/?page_id=195"},"modified":"2023-12-22T07:22:58","modified_gmt":"2023-12-22T06:22:58","slug":"conditions-generales-de-vente","status":"publish","type":"page","link":"https:\/\/xn--caroline-perret-ditticienne-socb.fr\/?page_id=195","title":{"rendered":"Conditions G\u00e9n\u00e9rales de Vente"},"content":{"rendered":"\t\t<div data-elementor-type=\"wp-page\" data-elementor-id=\"195\" class=\"elementor elementor-195\">\n\t\t\t\t<div class=\"elementor-element elementor-element-5a6d0d1 e-flex e-con-boxed e-con e-parent\" data-id=\"5a6d0d1\" data-element_type=\"container\" data-e-type=\"container\">\n\t\t\t\t\t<div class=\"e-con-inner\">\n\t\t\t\t<div class=\"elementor-element elementor-element-433fc67 elementor-widget elementor-widget-text-editor\" data-id=\"433fc67\" data-element_type=\"widget\" data-e-type=\"widget\" data-widget_type=\"text-editor.default\">\n\t\t\t\t<div class=\"elementor-widget-container\">\n\t\t\t\t\t\t\t\t\t<p><strong>Article 1 G\u00e9n\u00e9ralit\u00e9s<\/strong><\/p>\n<p>Les pr\u00e9sentes conditions de vente d\u00e9finissent les relations contractuelles entre&nbsp;<strong>Caroline PERRET<\/strong>, Di\u00e9t\u00e9ticienne Nutritionniste dipl\u00f4m\u00e9e, et les clients ainsi que les conditions applicables \u00e0 toutes les consultations, cours, ateliers ou interventions propos\u00e9s.<br>L\u2019acquisition d\u2019un service \u00e0 la personne n\u00e9cessite une acceptation sans r\u00e9serve par les clients des pr\u00e9sentes conditions de vente.<br>Seules ces conditions de vente valid\u00e9es par <b>Caroline PERRET<\/b> pr\u00e9valent \u00e0 toutes autres conditions g\u00e9n\u00e9rales ou particuli\u00e8res.<br><strong>Madame Caroline PERRET<\/strong>&nbsp;se r\u00e9serve le droit de pouvoir modifier ses conditions de vente \u00e0 tout moment. Les conditions applicables seront celles en vigueur \u00e0 la date de la s\u00e9ance.<\/p><p><br><\/p>\n<p><\/p>\n<p><strong>Article 2 Prestation de Sophrologie et achat de la prestation.<\/strong><\/p>\n<p>Les s\u00e9ances propos\u00e9es sont celles qui figurent sur le site de&nbsp;<strong>Madame Caroline PERRET.<\/strong><\/p>\n<p>Si le patient arrive en retard, la s\u00e9ance se terminera \u00e0 l\u2019heure pr\u00e9vue.<\/p>\n<p>Accompagnement Di\u00e9t\u00e9tique et nutrition: La premi\u00e8re s\u00e9ance diagnostic consiste en un entretien individuel destin\u00e9 \u00e0 identifier le besoin.<br>La r\u00e9alisation des s\u00e9ances diagnostic s\u2019effectue au cabinet<br>8 Place du 8 mai 1945 &#8211; 58170 LUZY ou \u00e0 domicile pour les personnes \u00e0 mobilit\u00e9 r\u00e9duite.<\/p>\n<p><span style=\"color: var( --e-global-color-text ); font-family: var( --e-global-typography-text-font-family ), Sans-serif; font-weight: var( --e-global-typography-text-font-weight ); text-align: var(--text-align);\">Les consultations de suivi sont r\u00e9alis\u00e9es de pr\u00e9f\u00e9rence au cabinet cependant le suivi en ligne est possible. Le tarif reste le m\u00eame.&nbsp;<\/span><\/p>\n<p>Les cours de cuisine ont lieu \u00e0 domicile. L&#8217;atelier 3bien faire ses courses&#8221; a lieu dans le magasin habituellement fr\u00e9quent\u00e9 par le patient.<\/p>\n<p>Les interventions ont lieu directement au sein de l\u2019entreprise, de l\u2019association, du comit\u00e9 d\u2019entreprise, de la collectivit\u00e9, des \u00e9tablissements scolaires.<br>La prestation d\u00e9bute au moment de la prise en charge sur le lieu du cabinet ou sur le lieu de rendez-vous pr\u00e9alablement \u00e9tabli pour le patient ou sur le lieu de l\u2019entreprise, de l\u2019association, du comit\u00e9 d\u2019entreprise, de la collectivit\u00e9 etc. et \u00e0 l\u2019heure du rendez-vous convenu mutuellement.<\/p><p><br><\/p>\n<p><\/p>\n<p><strong>Article 3 Tarifs<\/strong><\/p>\n<p>Les prix pratiqu\u00e9s et indiqu\u00e9s sur le site : www.caroline-perret-di\u00e9t\u00e9ticienne.fr , sont des prix TTC (TVA non applicable art. 293 B du CGI).<br><strong>Madame Caroline PERRET<\/strong>&nbsp;se r\u00e9serve le droit de modifier ses prix \u00e0 tout moment. Le prix figurant sur le site, le jour de la prise de rendez-vous, sera le seul applicable pour les s\u00e9ances.<\/p>\n<p><strong>Madame Caroline PERRET<\/strong>&nbsp;propose \u00e9galement des interventions en Entreprise ou en \u00e9tablissements scolaires sur des th\u00e9matiques communes.<br>Le prix sera donc \u00e9tabli sur devis en fonction de la prestation.<\/p><p><br><\/p>\n<p><\/p>\n<p><strong>Article 4 Commandes de consultations, cours, ateliers, interventions<\/strong><\/p>\n<p>En cabinet pour des s\u00e9ances individuelles, cours et ateliers, les patients devront :<br>\u2013 Prendre rendez-vous aupr\u00e8s de&nbsp;<strong>Madame Caroline PERRET<\/strong>&nbsp;par t\u00e9l\u00e9phone au<br>07 64 16 74 66, ou sur <a href=\"https:\/\/xn--caroline-perret-ditticienne-socb.fr\/?page_id=52\">le calendrier en ligne<\/a>.<br>\u2013 Pour les interventions, le client devra prendre contact <a href=\"https:\/\/xn--caroline-perret-ditticienne-socb.fr\/?page_id=91\">par formulaire<\/a>&nbsp;.<\/p><p>La prise de rendez-vous entra\u00eene acceptation des pr\u00e9sentes conditions de vente, la reconnaissance d\u2019en avoir parfaite connaissance la renonciation \u00e0 se pr\u00e9valoir de ses propres conditions d\u2019achat ou autres conditions.<br>L\u2019ensemble des donn\u00e9es fournies et la confirmation enregistr\u00e9e vaudront comme preuve de la transaction.<\/p>\n<p><br><\/p>\n<p><\/p>\n<p><strong>Article 5 Conditions d\u2019annulation<\/strong><\/p>\n<p>Toute annulation d\u2019un rendez-vous, non signal\u00e9e \u00e0 moins de 24h avant la date pr\u00e9vue, entraine aupr\u00e8s du client concern\u00e9, la facturation d\u2019une prestation compl\u00e8te, ainsi que d\u00e9finie par les conditions g\u00e9n\u00e9rales de vente payable sous 15 jours.&nbsp;<\/p>\n<p><br><\/p>\n<p><\/p>\n<p><strong>Article 6 Modalit\u00e9s de paiement des prestations<\/strong><\/p>\n<p><strong>&nbsp;<\/strong><span style=\"color: var( --e-global-color-text ); font-family: var( --e-global-typography-text-font-family ), Sans-serif; font-weight: var( --e-global-typography-text-font-weight ); text-align: var(--text-align);\">Pour les interventions le paiement est exigible apr\u00e8s acceptation du devis. Un d\u00e9lai d\u2019un mois est accord\u00e9 aux entreprises, \u00e9tablissements scolaires, comit\u00e9s d\u2019entreprise, associations, collectivit\u00e9s etc. Le paiement s\u2019effectuera pas virement et pourra \u00eatre soit r\u00e9gl\u00e9 int\u00e9gralement dans un d\u00e9lai d\u2019un mois maximum \u00e0 compter la fin de la prestation ou \u00e9chelonn\u00e9 par mensualit\u00e9s. Une facture papier sera adress\u00e9e suivant le choix du r\u00e8glement adopt\u00e9 soit en fin de prestation, soit de fa\u00e7on mensuelle.<\/span><\/p>\n<p>Pour les s\u00e9ances individuelles, le paiement se fera en esp\u00e8ces, par ch\u00e8que libell\u00e9 \u00e0 l\u2019ordre de&nbsp;<strong>Madame PERRET <\/strong>ou par carte bancaire<strong>&nbsp;<\/strong>\u00e0 la fin de chaque s\u00e9ance.<br>Une facture papier sera adress\u00e9e par mail sur demande du patient.<br>Les consultations en ligne sont \u00e0 r\u00e9gler avant le d\u00e9but de la s\u00e9ance par carte ou Paypal. Un lien de paiement sera envoy\u00e9 12h avant le rendez vous convenu en visioconf\u00e9rence.&nbsp;<\/p>\n<p><br><\/p>\n<p><\/p>\n<p><strong>Article 7 P\u00e9nalit\u00e9s de retard<\/strong><\/p>\n<p>En cas de retard de paiement et de versement des sommes dues par le patient ou le client au-del\u00e0 du d\u00e9lai ci-dessus fix\u00e9, et apr\u00e8s la date de paiement figurant sur la facture adress\u00e9e \u00e0 celui-ci, des p\u00e9nalit\u00e9s de retard calcul\u00e9es au prorata-temporis du montant du prix des prestations de services figurant sur ladite facture ainsi qu&#8217;une indemnit\u00e9 forfaitaire de 40\u20ac pour frais de recouvrement, seront automatiquement et de plein droit acquises \u00e0&nbsp;<strong>Madame Caroline PERRET<\/strong>, sans formalit\u00e9 aucune ni mise en demeure pr\u00e9alable et entra\u00eenera l\u2019exigibilit\u00e9 imm\u00e9diate de la totalit\u00e9 des sommes dues \u00e0&nbsp;<strong>Madame Caroline PERRET<\/strong>&nbsp;par le client, sans pr\u00e9judice de toute autre action que&nbsp;<strong>Madame Caroline PERRET&nbsp;<\/strong>serait en droit d\u2019intenter, \u00e0 ce titre, \u00e0 l\u2019encontre du client.<br>En cas de non-respect des conditions de paiement figurant ci-dessus, <b>Madame Caroline PERRET<\/b> se r\u00e9serve en outre le droit&nbsp; de suspendre ou d\u2019annuler la fourniture des prestations de services command\u00e9e par le client et l\u2019ex\u00e9cution de ses obligations.<\/p>\n<p><br><\/p>\n<p><\/p>\n<p><strong>Article 8 Responsabilit\u00e9<\/strong><\/p>\n<p><strong>Madame Caroline PERRET<\/strong>, Di\u00e9t\u00e9ticienne Nutritionniste a acquis au cours de sa formation les cadres m\u00e9thodologiques, th\u00e9oriques, techniques et pratiques propres \u00e0 la m\u00e9thode au travers de laquelle elle se d\u00e9finit professionnellement.<br>Elle s\u2019engage \u00e0 respecter les cadres et limites de ses comp\u00e9tences, \u00e0 informer et justifier de celles-ci aupr\u00e8s de ses patients et clients.<br>En tant que di\u00e9t\u00e9ticienne nutritionniste&nbsp;<strong>Madame Caroline PERRET<\/strong>&nbsp;ne concurrence pas les professionnels de sant\u00e9.<br>Elle ne pose pas de diagnostic m\u00e9dical, n\u2019influence pas les choix th\u00e9rapeutiques de ses clients et n\u2019interf\u00e8re pas dans les traitements m\u00e9dicaux en cours.<br>Elle dirige vers un th\u00e9rapeute comp\u00e9tent et d\u00fbment qualifi\u00e9 le client qui n\u00e9cessite une aide ne relevant pas de ses comp\u00e9tences.<br>Elle assure avec discr\u00e9tion et comp\u00e9tence son r\u00f4le de th\u00e9rapeute avec les<br>autres professionnels.<br>En cas de co-animation ou de sous-traitance, elle s\u2019assure de la comp\u00e9tence de ses collaborateurs et assume la pleine responsabilit\u00e9 de leurs interventions.<\/p>\n<p><br><\/p>\n<p><\/p>\n<p><strong>Article 9 Confidentialit\u00e9<\/strong><\/p>\n<p>En tant que di\u00e9t\u00e9ticienne nutritionniste&nbsp;<strong>Madame Caroline PERRET<\/strong>&nbsp;est tenue au respect absolu du secret professionnel et m\u00e9dical envers tous ses clients et patients.<br>Dans la conduite des groupes, elle informera les participants de l\u2019extension du secret professionnel \u00e0 chacun d\u2019eux.<br>Le secret professionnel et m\u00e9dical ne pourra \u00eatre lev\u00e9 que dans le cadre des dispositions pr\u00e9vues par la loi.<\/p>\n<p><br><\/p>\n<p><\/p>\n<p><strong>Article 10 Donn\u00e9es personnelles<\/strong><\/p>\n<p><strong>Madame Caroline PERRET<\/strong>&nbsp;s\u2019engage \u00e0 respecter la confidentialit\u00e9 des donn\u00e9es<br>personnelles communiqu\u00e9es par le ou les particulier(s), lors des s\u00e9ances ou la r\u00e9servation.<br>Cette confidentialit\u00e9 est g\u00e9r\u00e9e dans le respect de la Loi informatique et Libert\u00e9s du 6 janvier 1978.<br>Conform\u00e9ment \u00e0 cette loi, le patient pourra exercer son droit d\u2019acc\u00e8s au fichier, son droit d\u2019opposition et son droit de rectification ou de suppression pour les renseignements le concernant en adressant sa demande&nbsp;ou par courrier postal \u00e0 l\u2019adresse <b>PERRET Caroline, Di\u00e9t\u00e9ticienne Nutritionniste &#8211; 8 Place du 8 mai 1945 &#8211; 58170 LUZY<\/b><\/p>\n<p><b>&nbsp;<\/b><\/p>\n<p><strong>Article11 Propri\u00e9t\u00e9 intellectuelle<\/strong><\/p>\n<p><span style=\"color: var( --e-global-color-text ); font-family: var( --e-global-typography-text-font-family ), Sans-serif; font-weight: var( --e-global-typography-text-font-weight ); text-align: var(--text-align);\">Sont et restent propri\u00e9t\u00e9 intellectuelle et exclusive de&nbsp;<\/span><strong style=\"color: var( --e-global-color-text ); font-family: var( --e-global-typography-text-font-family ), Sans-serif; text-align: var(--text-align);\">Madame Caroline PERRET<\/strong><span style=\"color: var( --e-global-color-text ); font-family: var( --e-global-typography-text-font-family ), Sans-serif; font-weight: var( --e-global-typography-text-font-weight ); text-align: var(--text-align);\">&nbsp;tous les \u00e9l\u00e9ments du site&nbsp;<\/span><a style=\"font-family: var( --e-global-typography-text-font-family ), Sans-serif; font-weight: var( --e-global-typography-text-font-weight ); text-align: var(--text-align);\" href=\"https:\/\/delphine-sophrologue.com\/\">www.<\/a><span style=\"color: var( --e-global-color-text ); font-family: var( --e-global-typography-text-font-family ), Sans-serif; font-weight: var( --e-global-typography-text-font-weight ); text-align: var(--text-align);\">caroline-perret-di\u00e9t\u00e9ticienne.fr<\/span><\/p>\n<p>Personne n\u2019est autoris\u00e9 \u00e0 reproduire, exploiter, rediffuser, ou utiliser \u00e0 quelque titre que ce soit, m\u00eame partiellement, des \u00e9l\u00e9ments du site qu\u2019ils soient \u00e9crits, visuels, graphiques ou sonores sans l&#8217;accord \u00e9crit de <b>Madame Caroline PERRET<\/b>.<br>Tout plagiat, toute copie entra\u00eenera des poursuites judiciaires.&nbsp;<\/p>\n<p><\/p>\n<p><strong>Article 12 Archivages Preuve<\/strong><\/p>\n<p><strong>Madame Caroline PERRET<\/strong>&nbsp;conservera les factures conform\u00e9ment aux dispositions de l\u2019article 1348 du Code Civil.<br>Les dossiers personnels des patients seront conserv\u00e9s.<br>Les registres informatis\u00e9s de&nbsp;<strong>Madame Caroline PERRET<\/strong>&nbsp;seront consid\u00e9r\u00e9s par les parties comme preuve des communications et transactions intervenus entre les parties.<\/p>\n<p><\/p>\n<p><strong>Article 13 R\u00e8glement des litiges<\/strong><\/p>\n<p>Les pr\u00e9sentes CGV et le contrat sign\u00e9 entre les parties sont r\u00e9gis par le droit<br>fran\u00e7ais. A d\u00e9faut de r\u00e9solution amiable, tous les litiges pouvant survenir entre les parties concernant le pr\u00e9sent contrat, sa validit\u00e9, son interpr\u00e9tation, son ex\u00e9cution ou sa r\u00e9siliation, leurs cons\u00e9quences et leurs suites seront soumis au Tribunal d\u2019Instance de Nevers (58).<\/p>\n<p><em>Conditions G\u00e9n\u00e9rales de Vente mises \u00e0 jour le 22 D\u00e9cembre 2023.<\/em><\/p>\t\t\t\t\t\t\t\t<\/div>\n\t\t\t\t<\/div>\n\t\t\t\t\t<\/div>\n\t\t\t\t<\/div>\n\t\t\t\t<\/div>\n\t\t","protected":false},"excerpt":{"rendered":"<p>Article 1 G\u00e9n\u00e9ralit\u00e9s Les pr\u00e9sentes conditions de vente d\u00e9finissent les relations contractuelles entre&nbsp;Caroline PERRET, Di\u00e9t\u00e9ticienne Nutritionniste dipl\u00f4m\u00e9e, et les clients ainsi que les conditions applicables \u00e0 toutes les consultations, cours, ateliers ou interventions propos\u00e9s.L\u2019acquisition d\u2019un service \u00e0 la personne n\u00e9cessite une acceptation sans r\u00e9serve par les clients des pr\u00e9sentes conditions de vente.Seules ces conditions de&hellip; <br \/> <a class=\"read-more\" href=\"https:\/\/xn--caroline-perret-ditticienne-socb.fr\/?page_id=195\">Read more<\/a><\/p>\n","protected":false},"author":1,"featured_media":0,"parent":0,"menu_order":0,"comment_status":"closed","ping_status":"closed","template":"","meta":{"om_disable_all_campaigns":false,"_monsterinsights_skip_tracking":false,"_monsterinsights_sitenote_active":false,"_monsterinsights_sitenote_note":"","_monsterinsights_sitenote_category":0,"footnotes":""},"class_list":["post-195","page","type-page","status-publish","hentry"],"yoast_head":"<!-- This site is optimized with the Yoast SEO plugin v27.1.1 - https:\/\/yoast.com\/product\/yoast-seo-wordpress\/ -->\n<title>Conditions G\u00e9n\u00e9rales de Vente - caroline-perret-di\u00e9t\u00e9ticienne.fr<\/title>\n<meta name=\"robots\" content=\"index, follow, max-snippet:-1, max-image-preview:large, max-video-preview:-1\" \/>\n<link rel=\"canonical\" href=\"https:\/\/xn--caroline-perret-ditticienne-socb.fr\/?page_id=195\" \/>\n<meta property=\"og:locale\" content=\"en_US\" \/>\n<meta property=\"og:type\" content=\"article\" \/>\n<meta property=\"og:title\" content=\"Conditions G\u00e9n\u00e9rales de Vente - caroline-perret-di\u00e9t\u00e9ticienne.fr\" \/>\n<meta property=\"og:description\" content=\"Article 1 G\u00e9n\u00e9ralit\u00e9s Les pr\u00e9sentes conditions de vente d\u00e9finissent les relations contractuelles entre&nbsp;Caroline PERRET, Di\u00e9t\u00e9ticienne Nutritionniste dipl\u00f4m\u00e9e, et les clients ainsi que les conditions applicables \u00e0 toutes les consultations, cours, ateliers ou interventions propos\u00e9s.L\u2019acquisition d\u2019un service \u00e0 la personne n\u00e9cessite une acceptation sans r\u00e9serve par les clients des pr\u00e9sentes conditions de vente.Seules ces conditions de&hellip; Read more\" \/>\n<meta property=\"og:url\" content=\"https:\/\/xn--caroline-perret-ditticienne-socb.fr\/?page_id=195\" \/>\n<meta property=\"og:site_name\" content=\"caroline-perret-di\u00e9t\u00e9ticienne.fr\" \/>\n<meta property=\"article:modified_time\" content=\"2023-12-22T06:22:58+00:00\" \/>\n<meta name=\"twitter:card\" content=\"summary_large_image\" \/>\n<meta name=\"twitter:label1\" content=\"Est. reading time\" \/>\n\t<meta name=\"twitter:data1\" content=\"7 minutes\" \/>\n<script type=\"application\/ld+json\" class=\"yoast-schema-graph\">{\"@context\":\"https:\/\/schema.org\",\"@graph\":[{\"@type\":\"WebPage\",\"@id\":\"https:\/\/xn--caroline-perret-ditticienne-socb.fr\/?page_id=195\",\"url\":\"https:\/\/xn--caroline-perret-ditticienne-socb.fr\/?page_id=195\",\"name\":\"Conditions G\u00e9n\u00e9rales de Vente - caroline-perret-di\u00e9t\u00e9ticienne.fr\",\"isPartOf\":{\"@id\":\"https:\/\/xn--caroline-perret-ditticienne-socb.fr\/#website\"},\"datePublished\":\"2023-12-22T06:20:12+00:00\",\"dateModified\":\"2023-12-22T06:22:58+00:00\",\"breadcrumb\":{\"@id\":\"https:\/\/xn--caroline-perret-ditticienne-socb.fr\/?page_id=195#breadcrumb\"},\"inLanguage\":\"en-US\",\"potentialAction\":[{\"@type\":\"ReadAction\",\"target\":[\"https:\/\/xn--caroline-perret-ditticienne-socb.fr\/?page_id=195\"]}]},{\"@type\":\"BreadcrumbList\",\"@id\":\"https:\/\/xn--caroline-perret-ditticienne-socb.fr\/?page_id=195#breadcrumb\",\"itemListElement\":[{\"@type\":\"ListItem\",\"position\":1,\"name\":\"Accueil\",\"item\":\"https:\/\/xn--caroline-perret-ditticienne-socb.fr\/\"},{\"@type\":\"ListItem\",\"position\":2,\"name\":\"Conditions G\u00e9n\u00e9rales de Vente\"}]},{\"@type\":\"WebSite\",\"@id\":\"https:\/\/xn--caroline-perret-ditticienne-socb.fr\/#website\",\"url\":\"https:\/\/xn--caroline-perret-ditticienne-socb.fr\/\",\"name\":\"caroline-perret-di\u00e9t\u00e9ticienne.fr\",\"description\":\"\",\"potentialAction\":[{\"@type\":\"SearchAction\",\"target\":{\"@type\":\"EntryPoint\",\"urlTemplate\":\"https:\/\/xn--caroline-perret-ditticienne-socb.fr\/?s={search_term_string}\"},\"query-input\":{\"@type\":\"PropertyValueSpecification\",\"valueRequired\":true,\"valueName\":\"search_term_string\"}}],\"inLanguage\":\"en-US\"}]}<\/script>\n<!-- \/ Yoast SEO plugin. -->","yoast_head_json":{"title":"Conditions G\u00e9n\u00e9rales de Vente - caroline-perret-di\u00e9t\u00e9ticienne.fr","robots":{"index":"index","follow":"follow","max-snippet":"max-snippet:-1","max-image-preview":"max-image-preview:large","max-video-preview":"max-video-preview:-1"},"canonical":"https:\/\/xn--caroline-perret-ditticienne-socb.fr\/?page_id=195","og_locale":"en_US","og_type":"article","og_title":"Conditions G\u00e9n\u00e9rales de Vente - caroline-perret-di\u00e9t\u00e9ticienne.fr","og_description":"Article 1 G\u00e9n\u00e9ralit\u00e9s Les pr\u00e9sentes conditions de vente d\u00e9finissent les relations contractuelles entre&nbsp;Caroline PERRET, Di\u00e9t\u00e9ticienne Nutritionniste dipl\u00f4m\u00e9e, et les clients ainsi que les conditions applicables \u00e0 toutes les consultations, cours, ateliers ou interventions propos\u00e9s.L\u2019acquisition d\u2019un service \u00e0 la personne n\u00e9cessite une acceptation sans r\u00e9serve par les clients des pr\u00e9sentes conditions de vente.Seules ces conditions de&hellip; Read more","og_url":"https:\/\/xn--caroline-perret-ditticienne-socb.fr\/?page_id=195","og_site_name":"caroline-perret-di\u00e9t\u00e9ticienne.fr","article_modified_time":"2023-12-22T06:22:58+00:00","twitter_card":"summary_large_image","twitter_misc":{"Est. reading time":"7 minutes"},"schema":{"@context":"https:\/\/schema.org","@graph":[{"@type":"WebPage","@id":"https:\/\/xn--caroline-perret-ditticienne-socb.fr\/?page_id=195","url":"https:\/\/xn--caroline-perret-ditticienne-socb.fr\/?page_id=195","name":"Conditions G\u00e9n\u00e9rales de Vente - caroline-perret-di\u00e9t\u00e9ticienne.fr","isPartOf":{"@id":"https:\/\/xn--caroline-perret-ditticienne-socb.fr\/#website"},"datePublished":"2023-12-22T06:20:12+00:00","dateModified":"2023-12-22T06:22:58+00:00","breadcrumb":{"@id":"https:\/\/xn--caroline-perret-ditticienne-socb.fr\/?page_id=195#breadcrumb"},"inLanguage":"en-US","potentialAction":[{"@type":"ReadAction","target":["https:\/\/xn--caroline-perret-ditticienne-socb.fr\/?page_id=195"]}]},{"@type":"BreadcrumbList","@id":"https:\/\/xn--caroline-perret-ditticienne-socb.fr\/?page_id=195#breadcrumb","itemListElement":[{"@type":"ListItem","position":1,"name":"Accueil","item":"https:\/\/xn--caroline-perret-ditticienne-socb.fr\/"},{"@type":"ListItem","position":2,"name":"Conditions G\u00e9n\u00e9rales de Vente"}]},{"@type":"WebSite","@id":"https:\/\/xn--caroline-perret-ditticienne-socb.fr\/#website","url":"https:\/\/xn--caroline-perret-ditticienne-socb.fr\/","name":"caroline-perret-di\u00e9t\u00e9ticienne.fr","description":"","potentialAction":[{"@type":"SearchAction","target":{"@type":"EntryPoint","urlTemplate":"https:\/\/xn--caroline-perret-ditticienne-socb.fr\/?s={search_term_string}"},"query-input":{"@type":"PropertyValueSpecification","valueRequired":true,"valueName":"search_term_string"}}],"inLanguage":"en-US"}]}},"_links":{"self":[{"href":"https:\/\/xn--caroline-perret-ditticienne-socb.fr\/index.php?rest_route=\/wp\/v2\/pages\/195","targetHints":{"allow":["GET"]}}],"collection":[{"href":"https:\/\/xn--caroline-perret-ditticienne-socb.fr\/index.php?rest_route=\/wp\/v2\/pages"}],"about":[{"href":"https:\/\/xn--caroline-perret-ditticienne-socb.fr\/index.php?rest_route=\/wp\/v2\/types\/page"}],"author":[{"embeddable":true,"href":"https:\/\/xn--caroline-perret-ditticienne-socb.fr\/index.php?rest_route=\/wp\/v2\/users\/1"}],"replies":[{"embeddable":true,"href":"https:\/\/xn--caroline-perret-ditticienne-socb.fr\/index.php?rest_route=%2Fwp%2Fv2%2Fcomments&post=195"}],"version-history":[{"count":12,"href":"https:\/\/xn--caroline-perret-ditticienne-socb.fr\/index.php?rest_route=\/wp\/v2\/pages\/195\/revisions"}],"predecessor-version":[{"id":207,"href":"https:\/\/xn--caroline-perret-ditticienne-socb.fr\/index.php?rest_route=\/wp\/v2\/pages\/195\/revisions\/207"}],"wp:attachment":[{"href":"https:\/\/xn--caroline-perret-ditticienne-socb.fr\/index.php?rest_route=%2Fwp%2Fv2%2Fmedia&parent=195"}],"curies":[{"name":"wp","href":"https:\/\/api.w.org\/{rel}","templated":true}]}}